  {"id":10773,"date":"2023-06-07T09:21:22","date_gmt":"2023-06-07T07:21:22","guid":{"rendered":"https:\/\/andreumanteniment.com\/?page_id=10773"},"modified":"2023-06-07T09:56:30","modified_gmt":"2023-06-07T07:56:30","slug":"politica-integrada-cat","status":"publish","type":"page","link":"https:\/\/andreumanteniment.com\/en\/politica-integrada-cat\/","title":{"rendered":"Integrated Policy"},"content":{"rendered":"<div data-elementor-type=\"wp-page\" data-elementor-id=\"10773\" class=\"elementor elementor-10773\">\n\t\t\t\t\t\t<section class=\"elementor-section elementor-top-section elementor-element elementor-element-85528a7 elementor-section-boxed elementor-section-height-default elementor-section-height-default qodef-elementor-content-no\" data-id=\"85528a7\" data-element_type=\"section\" data-e-type=\"section\">\n\t\t\t\t\t\t<div class=\"elementor-container elementor-column-gap-default\">\n\t\t\t\t\t<div class=\"elementor-column elementor-col-100 elementor-top-column elementor-element elementor-element-6c990df\" data-id=\"6c990df\" data-element_type=\"column\" data-e-type=\"column\">\n\t\t\t<div class=\"elementor-widget-wrap elementor-element-populated\">\n\t\t\t\t\t\t<div class=\"elementor-element elementor-element-4ada887 elementor-widget elementor-widget-image\" data-id=\"4ada887\" data-element_type=\"widget\" data-e-type=\"widget\" data-widget_type=\"image.default\">\n\t\t\t\t<div class=\"elementor-widget-container\">\n\t\t\t\t\t\t\t\t\t\t\t\t\t\t\t<img fetchpriority=\"high\" decoding=\"async\" width=\"1024\" height=\"1024\" src=\"https:\/\/andreumanteniment.com\/wp-content\/uploads\/2023\/06\/LOGO-POLITICA-INTEGRADA-AMI-1024x1024.png\" class=\"attachment-large size-large wp-image-10779\" alt=\"Logo Pol\u00edtica Integrada Andreu Manteniment 2023\" srcset=\"https:\/\/andreumanteniment.com\/wp-content\/uploads\/2023\/06\/LOGO-POLITICA-INTEGRADA-AMI-1024x1024.png 1024w, https:\/\/andreumanteniment.com\/wp-content\/uploads\/2023\/06\/LOGO-POLITICA-INTEGRADA-AMI-300x300.png 300w, https:\/\/andreumanteniment.com\/wp-content\/uploads\/2023\/06\/LOGO-POLITICA-INTEGRADA-AMI-150x150.png 150w, https:\/\/andreumanteniment.com\/wp-content\/uploads\/2023\/06\/LOGO-POLITICA-INTEGRADA-AMI-768x768.png 768w, https:\/\/andreumanteniment.com\/wp-content\/uploads\/2023\/06\/LOGO-POLITICA-INTEGRADA-AMI-650x650.png 650w, https:\/\/andreumanteniment.com\/wp-content\/uploads\/2023\/06\/LOGO-POLITICA-INTEGRADA-AMI-82x82.png 82w, https:\/\/andreumanteniment.com\/wp-content\/uploads\/2023\/06\/LOGO-POLITICA-INTEGRADA-AMI.png 1080w\" sizes=\"(max-width: 1024px) 100vw, 1024px\" \/>\t\t\t\t\t\t\t\t\t\t\t\t\t\t\t<\/div>\n\t\t\t\t<\/div>\n\t\t\t\t\t<\/div>\n\t\t<\/div>\n\t\t\t\t\t<\/div>\n\t\t<\/section>\n\t\t\t\t<section class=\"elementor-section elementor-top-section elementor-element elementor-element-6ae3956 elementor-section-boxed elementor-section-height-default elementor-section-height-default qodef-elementor-content-no\" data-id=\"6ae3956\" data-element_type=\"section\" data-e-type=\"section\">\n\t\t\t\t\t\t<div class=\"elementor-container elementor-column-gap-default\">\n\t\t\t\t\t<div class=\"elementor-column elementor-col-100 elementor-top-column elementor-element elementor-element-3e04372\" data-id=\"3e04372\" data-element_type=\"column\" data-e-type=\"column\">\n\t\t\t<div class=\"elementor-widget-wrap elementor-element-populated\">\n\t\t\t\t\t\t<div class=\"elementor-element elementor-element-95f8466 elementor-widget elementor-widget-text-editor\" data-id=\"95f8466\" data-element_type=\"widget\" data-e-type=\"widget\" data-widget_type=\"text-editor.default\">\n\t\t\t\t<div class=\"elementor-widget-container\">\n\t\t\t\t\t\t\t\t\t<p class=\"p1\">The main objective of the company <b>ANDREU MANTENIMENT INDUSTRIAL SL, <\/b>dedicated to<\/p><p class=\"p1\"><b>ASSEMBLY AND MAINTENANCE OF MEDIUM AND LOW VOLTAGE INSTALLATIONS, ELECTROMECHANICAL AUTOMATION, ELECTRONIC TELECOMMUNICATION AND SECURITY SYSTEMS, AIR CONDITIONING, GAS, SANITATION AND LAMPS AND INDUSTRIAL MAINTENANCE. <\/b><\/p><p class=\"p1\">It is that the quality, respect and conservation of the Environment, as well as energy efficiency and the SST of the staff, are a reflection of the expectations of each client, of the company itself and of society in general. Ours <b>INTEGRATED POLICY<\/b> is based on the development and provision of services in accordance with good professional practices, safe, reliable, oriented in any case towards the fulfillment of the requirements of our customers and, therefore, the <b>TOTAL SATISFACTION WITH THESE<\/b>.<\/p><p class=\"p1\">To this end, the Management assumes the following as basic premises:<\/p><p>\u00a0<\/p><ol><li style=\"list-style-type: none;\"><ol><li style=\"margin-bottom: 16px;\">Maintain, develop and <b>IMPROVE CONTINUOUSLY<\/b> an Integrated System in accordance with what is established in the standard <b>UNE-EN ISO 9001, ISO 14001, ISO 45001 and ISO 50001<\/b> in force<\/li><li style=\"margin-bottom: 16px;\">The final quality of the service delivered to the customer is the result of the planned and systematic actions of <b>PREVENTION, DETECTION, CORRECTION and CONTINUOUS IMPROVEMENT <\/b>throughout the process cycle.<\/li><li style=\"margin-bottom: 16px;\">Assumes the commitment to provide safe and healthy working conditions in the development of the same to prevent injuries and deterioration of health and that is appropriate to the <b>CONTEXT OF THE ORGANIZATION<\/b>, as well as the specific nature of the risks and opportunities of the <b>SST<\/b>. Assuming the operative for the elimination of dangers and the reduction of the identified risks.<\/li><li style=\"margin-bottom: 16px;\">The contractual requirements (including those legal and regulatory requirements that include those applicable to Environmental Management, Energy Efficiency, Safety and Health at Work and the Quality System itself), the understanding of needs and expectations <b>OF THE INTERESTED PARTIES<\/b> both internal and external, the desires and the <b>CUSTOMER EXPECTATIONS<\/b>, are the main criterion for establishing the quality pattern of our services and the basis of the <b>IMPROVEMENT OF THE COMPANY<\/b>.<br \/>As well as assuming the commitment to protect the environment, including the prevention of pollution, support for design activities that have an impact on greater energy efficiency and any specific commitments relevant to the context of the organization.<\/li><li style=\"margin-bottom: 16px;\">The achievement of economic results and the identification of risks and opportunities, as well as a responsible and efficient use and consumption of energy, must be the objective of each of the employees, which will guarantee the continuity and future of the Company.<\/li><li style=\"margin-bottom: 16px;\">Each of the employees is responsible for their work and for complying with the rules of <b>OCCUPATIONAL HEALTH AND SAFETY PREVENTION, ENVIRONMENTAL MANAGEMENT, ENERGY EFFICIENCY AND QUALITY <\/b>according to your knowledge. The Management is responsible for PROMOTING the implementation of the <b>POLICY and THE OBJECTIVES OF THE SGI,<\/b> facilitating the necessary means for its achievement.<\/li><li>The application of this policy requires the ACTIVE INTEGRATION of the entire human team, including the commitment to consultation and communication and participation of workers and their representatives.<\/li><\/ol><\/li><\/ol><p class=\"p1\" style=\"text-align: right;\">VALLEY, JUNE 5, 2023<\/p><p class=\"p1\" style=\"text-align: right;\">Jordi Andreu Ribas<br \/>manager<\/p>\t\t\t\t\t\t\t\t<\/div>\n\t\t\t\t<\/div>\n\t\t\t\t<div class=\"elementor-element elementor-element-05fc05a elementor-align-center elementor-widget elementor-widget-button\" data-id=\"05fc05a\" data-element_type=\"widget\" data-e-type=\"widget\" data-widget_type=\"button.default\">\n\t\t\t\t<div class=\"elementor-widget-container\">\n\t\t\t\t\t\t\t\t\t<div class=\"elementor-button-wrapper\">\n\t\t\t\t\t<a class=\"elementor-button elementor-button-link elementor-size-md\" href=\"https:\/\/andreumanteniment.com\/wp-content\/uploads\/2023\/06\/AMI-POLITICA-INTEGRADA.rev1_2023.pdf\" target=\"_blank\">\n\t\t\t\t\t\t<span class=\"elementor-button-content-wrapper\">\n\t\t\t\t\t\t\t\t\t<span class=\"elementor-button-text\">Download the PDF document here<\/span>\n\t\t\t\t\t<\/span>\n\t\t\t\t\t<\/a>\n\t\t\t\t<\/div>\n\t\t\t\t\t\t\t\t<\/div>\n\t\t\t\t<\/div>\n\t\t\t\t\t<\/div>\n\t\t<\/div>\n\t\t\t\t\t<\/div>\n\t\t<\/section>\n\t\t\t\t<\/div>","protected":false},"excerpt":{"rendered":"<p>El principal objectiu de l&#8217;empresa ANDREU MANTENIMENT INDUSTRIAL SL, dedicada al MUNTATGE I MANTENIMENT D&#8217;INSTAL\u00b7LACIONS DE MITJANA I BAIXA TENSI\u00d3, D&#8217;AUTOMATITZACI\u00d3 ELECTROMEC\u00c0NICA, SISTEMES DE TELECOMUNICACI\u00d3 I SEGURETAT ELECTR\u00d2NIQUES,CLIMATITZACI\u00d3, GAS, SANEJAMENT I LAMPISTERIA I MANTENIMENT INDUSTRIAL. \u00c9s que la qualitat, el respecte i conservaci\u00f3 del Medi ambient, aix\u00ed com l&#8217;efici\u00e8ncia energ\u00e8tica i la SST del personal, [&hellip;]<\/p>\n","protected":false},"author":1,"featured_media":0,"parent":0,"menu_order":0,"comment_status":"closed","ping_status":"closed","template":"","meta":{"inline_featured_image":false,"footnotes":""},"class_list":["post-10773","page","type-page","status-publish","hentry"],"yoast_head":"<!-- This site is optimized with the Yoast SEO plugin v27.1.1 - https:\/\/yoast.com\/product\/yoast-seo-wordpress\/ -->\n<title>Pol\u00edtica Integrada - Andreu Manteniment<\/title>\n<meta name=\"description\" content=\"La nostra POL\u00cdTICA INTEGRADA es basa en el desenvolupament i prestaci\u00f3 de serveis concordes amb les bones pr\u00e0ctiques professionals.\" \/>\n<meta name=\"robots\" content=\"index, follow, max-snippet:-1, max-image-preview:large, max-video-preview:-1\" \/>\n<link rel=\"canonical\" href=\"https:\/\/andreumanteniment.com\/en\/politica-integrada-cat\/\" \/>\n<meta property=\"og:locale\" content=\"en_GB\" \/>\n<meta property=\"og:type\" content=\"article\" \/>\n<meta property=\"og:title\" content=\"Pol\u00edtica Integrada - Andreu Manteniment\" \/>\n<meta property=\"og:description\" content=\"La nostra POL\u00cdTICA INTEGRADA es basa en el desenvolupament i prestaci\u00f3 de serveis concordes amb les bones pr\u00e0ctiques professionals.\" \/>\n<meta property=\"og:url\" content=\"https:\/\/andreumanteniment.com\/en\/politica-integrada-cat\/\" \/>\n<meta property=\"og:site_name\" content=\"Andreu Manteniment\" \/>\n<meta property=\"article:publisher\" content=\"https:\/\/www.facebook.com\/andreumanteniment\" \/>\n<meta property=\"article:modified_time\" content=\"2023-06-07T07:56:30+00:00\" \/>\n<meta property=\"og:image\" content=\"https:\/\/andreumanteniment.com\/wp-content\/uploads\/2023\/06\/LOGO-POLITICA-INTEGRADA-AMI-1024x1024.png\" \/>\n<meta name=\"twitter:card\" content=\"summary_large_image\" \/>\n<meta name=\"twitter:label1\" content=\"Estimated reading time\" \/>\n\t<meta name=\"twitter:data1\" content=\"3 minutes\" \/>\n<script type=\"application\/ld+json\" class=\"yoast-schema-graph\">{\"@context\":\"https:\/\/schema.org\",\"@graph\":[{\"@type\":\"WebPage\",\"@id\":\"https:\/\/andreumanteniment.com\/ca\/politica-integrada-cat\/\",\"url\":\"https:\/\/andreumanteniment.com\/ca\/politica-integrada-cat\/\",\"name\":\"Pol\u00edtica Integrada - Andreu Manteniment\",\"isPartOf\":{\"@id\":\"http:\/\/andreumanteniment.com\/#website\"},\"primaryImageOfPage\":{\"@id\":\"https:\/\/andreumanteniment.com\/ca\/politica-integrada-cat\/#primaryimage\"},\"image\":{\"@id\":\"https:\/\/andreumanteniment.com\/ca\/politica-integrada-cat\/#primaryimage\"},\"thumbnailUrl\":\"https:\/\/andreumanteniment.com\/wp-content\/uploads\/2023\/06\/LOGO-POLITICA-INTEGRADA-AMI-1024x1024.png\",\"datePublished\":\"2023-06-07T07:21:22+00:00\",\"dateModified\":\"2023-06-07T07:56:30+00:00\",\"description\":\"La nostra POL\u00cdTICA INTEGRADA es basa en el desenvolupament i prestaci\u00f3 de serveis concordes amb les bones pr\u00e0ctiques professionals.\",\"breadcrumb\":{\"@id\":\"https:\/\/andreumanteniment.com\/ca\/politica-integrada-cat\/#breadcrumb\"},\"inLanguage\":\"en-GB\",\"potentialAction\":[{\"@type\":\"ReadAction\",\"target\":[\"https:\/\/andreumanteniment.com\/ca\/politica-integrada-cat\/\"]}]},{\"@type\":\"ImageObject\",\"inLanguage\":\"en-GB\",\"@id\":\"https:\/\/andreumanteniment.com\/ca\/politica-integrada-cat\/#primaryimage\",\"url\":\"https:\/\/andreumanteniment.com\/wp-content\/uploads\/2023\/06\/LOGO-POLITICA-INTEGRADA-AMI-1024x1024.png\",\"contentUrl\":\"https:\/\/andreumanteniment.com\/wp-content\/uploads\/2023\/06\/LOGO-POLITICA-INTEGRADA-AMI-1024x1024.png\"},{\"@type\":\"BreadcrumbList\",\"@id\":\"https:\/\/andreumanteniment.com\/ca\/politica-integrada-cat\/#breadcrumb\",\"itemListElement\":[{\"@type\":\"ListItem\",\"position\":1,\"name\":\"Inici\",\"item\":\"https:\/\/andreumanteniment.com\/\"},{\"@type\":\"ListItem\",\"position\":2,\"name\":\"Pol\u00edtica Integrada\"}]},{\"@type\":\"WebSite\",\"@id\":\"http:\/\/andreumanteniment.com\/#website\",\"url\":\"http:\/\/andreumanteniment.com\/\",\"name\":\"Andreu Manteniment\",\"description\":\"Andreu Manteniment Industrial\",\"publisher\":{\"@id\":\"http:\/\/andreumanteniment.com\/#organization\"},\"potentialAction\":[{\"@type\":\"SearchAction\",\"target\":{\"@type\":\"EntryPoint\",\"urlTemplate\":\"http:\/\/andreumanteniment.com\/?s={search_term_string}\"},\"query-input\":{\"@type\":\"PropertyValueSpecification\",\"valueRequired\":true,\"valueName\":\"search_term_string\"}}],\"inLanguage\":\"en-GB\"},{\"@type\":\"Organization\",\"@id\":\"http:\/\/andreumanteniment.com\/#organization\",\"name\":\"Andreu Manteniment Industrial\",\"url\":\"http:\/\/andreumanteniment.com\/\",\"logo\":{\"@type\":\"ImageObject\",\"inLanguage\":\"en-GB\",\"@id\":\"http:\/\/andreumanteniment.com\/#\/schema\/logo\/image\/\",\"url\":\"https:\/\/andreumanteniment.com\/wp-content\/uploads\/2022\/02\/logo-aManteniment.svg\",\"contentUrl\":\"https:\/\/andreumanteniment.com\/wp-content\/uploads\/2022\/02\/logo-aManteniment.svg\",\"width\":\"1024\",\"height\":\"1024\",\"caption\":\"Andreu Manteniment Industrial\"},\"image\":{\"@id\":\"http:\/\/andreumanteniment.com\/#\/schema\/logo\/image\/\"},\"sameAs\":[\"https:\/\/www.facebook.com\/andreumanteniment\",\"https:\/\/www.linkedin.com\/company\/andreumanteniments\/about\/\",\"https:\/\/www.instagram.com\/andreumanteniment\/\"]}]}<\/script>\n<!-- \/ Yoast SEO plugin. -->","yoast_head_json":{"title":"Pol\u00edtica Integrada - Andreu Manteniment","description":"La nostra POL\u00cdTICA INTEGRADA es basa en el desenvolupament i prestaci\u00f3 de serveis concordes amb les bones pr\u00e0ctiques professionals.","robots":{"index":"index","follow":"follow","max-snippet":"max-snippet:-1","max-image-preview":"max-image-preview:large","max-video-preview":"max-video-preview:-1"},"canonical":"https:\/\/andreumanteniment.com\/en\/politica-integrada-cat\/","og_locale":"en_GB","og_type":"article","og_title":"Pol\u00edtica Integrada - Andreu Manteniment","og_description":"La nostra POL\u00cdTICA INTEGRADA es basa en el desenvolupament i prestaci\u00f3 de serveis concordes amb les bones pr\u00e0ctiques professionals.","og_url":"https:\/\/andreumanteniment.com\/en\/politica-integrada-cat\/","og_site_name":"Andreu Manteniment","article_publisher":"https:\/\/www.facebook.com\/andreumanteniment","article_modified_time":"2023-06-07T07:56:30+00:00","og_image":[{"url":"https:\/\/andreumanteniment.com\/wp-content\/uploads\/2023\/06\/LOGO-POLITICA-INTEGRADA-AMI-1024x1024.png","type":"","width":"","height":""}],"twitter_card":"summary_large_image","twitter_misc":{"Estimated reading time":"3 minutes"},"schema":{"@context":"https:\/\/schema.org","@graph":[{"@type":"WebPage","@id":"https:\/\/andreumanteniment.com\/ca\/politica-integrada-cat\/","url":"https:\/\/andreumanteniment.com\/ca\/politica-integrada-cat\/","name":"Pol\u00edtica Integrada - Andreu Manteniment","isPartOf":{"@id":"http:\/\/andreumanteniment.com\/#website"},"primaryImageOfPage":{"@id":"https:\/\/andreumanteniment.com\/ca\/politica-integrada-cat\/#primaryimage"},"image":{"@id":"https:\/\/andreumanteniment.com\/ca\/politica-integrada-cat\/#primaryimage"},"thumbnailUrl":"https:\/\/andreumanteniment.com\/wp-content\/uploads\/2023\/06\/LOGO-POLITICA-INTEGRADA-AMI-1024x1024.png","datePublished":"2023-06-07T07:21:22+00:00","dateModified":"2023-06-07T07:56:30+00:00","description":"La nostra POL\u00cdTICA INTEGRADA es basa en el desenvolupament i prestaci\u00f3 de serveis concordes amb les bones pr\u00e0ctiques professionals.","breadcrumb":{"@id":"https:\/\/andreumanteniment.com\/ca\/politica-integrada-cat\/#breadcrumb"},"inLanguage":"en-GB","potentialAction":[{"@type":"ReadAction","target":["https:\/\/andreumanteniment.com\/ca\/politica-integrada-cat\/"]}]},{"@type":"ImageObject","inLanguage":"en-GB","@id":"https:\/\/andreumanteniment.com\/ca\/politica-integrada-cat\/#primaryimage","url":"https:\/\/andreumanteniment.com\/wp-content\/uploads\/2023\/06\/LOGO-POLITICA-INTEGRADA-AMI-1024x1024.png","contentUrl":"https:\/\/andreumanteniment.com\/wp-content\/uploads\/2023\/06\/LOGO-POLITICA-INTEGRADA-AMI-1024x1024.png"},{"@type":"BreadcrumbList","@id":"https:\/\/andreumanteniment.com\/ca\/politica-integrada-cat\/#breadcrumb","itemListElement":[{"@type":"ListItem","position":1,"name":"Inici","item":"https:\/\/andreumanteniment.com\/"},{"@type":"ListItem","position":2,"name":"Pol\u00edtica Integrada"}]},{"@type":"WebSite","@id":"http:\/\/andreumanteniment.com\/#website","url":"http:\/\/andreumanteniment.com\/","name":"Andrew Maintenance","description":"Andreu Mantenimient Industrial","publisher":{"@id":"http:\/\/andreumanteniment.com\/#organization"},"potentialAction":[{"@type":"SearchAction","target":{"@type":"EntryPoint","urlTemplate":"http:\/\/andreumanteniment.com\/?s={search_term_string}"},"query-input":{"@type":"PropertyValueSpecification","valueRequired":true,"valueName":"search_term_string"}}],"inLanguage":"en-GB"},{"@type":"Organization","@id":"http:\/\/andreumanteniment.com\/#organization","name":"Andreu Mantenimient Industrial","url":"http:\/\/andreumanteniment.com\/","logo":{"@type":"ImageObject","inLanguage":"en-GB","@id":"http:\/\/andreumanteniment.com\/#\/schema\/logo\/image\/","url":"https:\/\/andreumanteniment.com\/wp-content\/uploads\/2022\/02\/logo-aManteniment.svg","contentUrl":"https:\/\/andreumanteniment.com\/wp-content\/uploads\/2022\/02\/logo-aManteniment.svg","width":"1024","height":"1024","caption":"Andreu Manteniment Industrial"},"image":{"@id":"http:\/\/andreumanteniment.com\/#\/schema\/logo\/image\/"},"sameAs":["https:\/\/www.facebook.com\/andreumanteniment","https:\/\/www.linkedin.com\/company\/andreumanteniments\/about\/","https:\/\/www.instagram.com\/andreumanteniment\/"]}]}},"_links":{"self":[{"href":"https:\/\/andreumanteniment.com\/en\/wp-json\/wp\/v2\/pages\/10773","targetHints":{"allow":["GET"]}}],"collection":[{"href":"https:\/\/andreumanteniment.com\/en\/wp-json\/wp\/v2\/pages"}],"about":[{"href":"https:\/\/andreumanteniment.com\/en\/wp-json\/wp\/v2\/types\/page"}],"author":[{"embeddable":true,"href":"https:\/\/andreumanteniment.com\/en\/wp-json\/wp\/v2\/users\/1"}],"replies":[{"embeddable":true,"href":"https:\/\/andreumanteniment.com\/en\/wp-json\/wp\/v2\/comments?post=10773"}],"version-history":[{"count":0,"href":"https:\/\/andreumanteniment.com\/en\/wp-json\/wp\/v2\/pages\/10773\/revisions"}],"wp:attachment":[{"href":"https:\/\/andreumanteniment.com\/en\/wp-json\/wp\/v2\/media?parent=10773"}],"curies":[{"name":"wp","href":"https:\/\/api.w.org\/{rel}","templated":true}]}}