  {"id":10773,"date":"2023-06-07T09:21:22","date_gmt":"2023-06-07T07:21:22","guid":{"rendered":"https:\/\/andreumanteniment.com\/?page_id=10773"},"modified":"2023-06-07T09:56:30","modified_gmt":"2023-06-07T07:56:30","slug":"politica-integrada-cat","status":"publish","type":"page","link":"https:\/\/andreumanteniment.com\/es\/politica-integrada-cat\/","title":{"rendered":"Pol\u00edtica Integrada"},"content":{"rendered":"<div data-elementor-type=\"wp-page\" data-elementor-id=\"10773\" class=\"elementor elementor-10773\">\n\t\t\t\t\t\t<section class=\"elementor-section elementor-top-section elementor-element elementor-element-85528a7 elementor-section-boxed elementor-section-height-default elementor-section-height-default qodef-elementor-content-no\" data-id=\"85528a7\" data-element_type=\"section\" data-e-type=\"section\">\n\t\t\t\t\t\t<div class=\"elementor-container elementor-column-gap-default\">\n\t\t\t\t\t<div class=\"elementor-column elementor-col-100 elementor-top-column elementor-element elementor-element-6c990df\" data-id=\"6c990df\" data-element_type=\"column\" data-e-type=\"column\">\n\t\t\t<div class=\"elementor-widget-wrap elementor-element-populated\">\n\t\t\t\t\t\t<div class=\"elementor-element elementor-element-4ada887 elementor-widget elementor-widget-image\" data-id=\"4ada887\" data-element_type=\"widget\" data-e-type=\"widget\" data-widget_type=\"image.default\">\n\t\t\t\t<div class=\"elementor-widget-container\">\n\t\t\t\t\t\t\t\t\t\t\t\t\t\t\t<img fetchpriority=\"high\" decoding=\"async\" width=\"1024\" height=\"1024\" src=\"https:\/\/andreumanteniment.com\/wp-content\/uploads\/2023\/06\/LOGO-POLITICA-INTEGRADA-AMI-1024x1024.png\" class=\"attachment-large size-large wp-image-10779\" alt=\"Logo Pol\u00edtica Integrada Andreu Manteniment 2023\" srcset=\"https:\/\/andreumanteniment.com\/wp-content\/uploads\/2023\/06\/LOGO-POLITICA-INTEGRADA-AMI-1024x1024.png 1024w, https:\/\/andreumanteniment.com\/wp-content\/uploads\/2023\/06\/LOGO-POLITICA-INTEGRADA-AMI-300x300.png 300w, https:\/\/andreumanteniment.com\/wp-content\/uploads\/2023\/06\/LOGO-POLITICA-INTEGRADA-AMI-150x150.png 150w, https:\/\/andreumanteniment.com\/wp-content\/uploads\/2023\/06\/LOGO-POLITICA-INTEGRADA-AMI-768x768.png 768w, https:\/\/andreumanteniment.com\/wp-content\/uploads\/2023\/06\/LOGO-POLITICA-INTEGRADA-AMI-650x650.png 650w, https:\/\/andreumanteniment.com\/wp-content\/uploads\/2023\/06\/LOGO-POLITICA-INTEGRADA-AMI-82x82.png 82w, https:\/\/andreumanteniment.com\/wp-content\/uploads\/2023\/06\/LOGO-POLITICA-INTEGRADA-AMI.png 1080w\" sizes=\"(max-width: 1024px) 100vw, 1024px\" \/>\t\t\t\t\t\t\t\t\t\t\t\t\t\t\t<\/div>\n\t\t\t\t<\/div>\n\t\t\t\t\t<\/div>\n\t\t<\/div>\n\t\t\t\t\t<\/div>\n\t\t<\/section>\n\t\t\t\t<section class=\"elementor-section elementor-top-section elementor-element elementor-element-6ae3956 elementor-section-boxed elementor-section-height-default elementor-section-height-default qodef-elementor-content-no\" data-id=\"6ae3956\" data-element_type=\"section\" data-e-type=\"section\">\n\t\t\t\t\t\t<div class=\"elementor-container elementor-column-gap-default\">\n\t\t\t\t\t<div class=\"elementor-column elementor-col-100 elementor-top-column elementor-element elementor-element-3e04372\" data-id=\"3e04372\" data-element_type=\"column\" data-e-type=\"column\">\n\t\t\t<div class=\"elementor-widget-wrap elementor-element-populated\">\n\t\t\t\t\t\t<div class=\"elementor-element elementor-element-95f8466 elementor-widget elementor-widget-text-editor\" data-id=\"95f8466\" data-element_type=\"widget\" data-e-type=\"widget\" data-widget_type=\"text-editor.default\">\n\t\t\t\t<div class=\"elementor-widget-container\">\n\t\t\t\t\t\t\t\t\t<p class=\"p1\">El principal objetivo de la empresa <b>ANDREU MANTENIMIENTO INDUSTRIAL SL, <\/b>dedicada al<\/p><p class=\"p1\"><b>MONTAJE Y MANTENIMIENTO DE INSTALACIONES DE MEDIA Y BAJA TENSI\u00d3N, DE AUTOMATIZACI\u00d3N ELECTROMEC\u00c1NICA, SISTEMAS DE TELECOMUNICACI\u00d3N Y SEGURIDAD ELECTR\u00d3NICAS, CLIMATIZACI\u00d3N, GAS, SANEAMIENTO Y LAMPISTER\u00cdA Y MANTENIMIENTO INDUCIMIENTO <\/b><\/p><p class=\"p1\">Es que la calidad, el respeto y la conservaci\u00f3n del Medio Ambiente, as\u00ed como la eficiencia energ\u00e9tica y la SST del personal, sean un reflejo de las expectativas de cada cliente, de la propia empresa y de la sociedad en general. Nuestra <b>POL\u00cdTICA INTEGRADA<\/b> se basa en el desarrollo y prestaci\u00f3n de servicios acordes con las buenas pr\u00e1cticas profesionales, seguras, fiables, orientados en cualquier caso hacia el cumplimiento de los requisitos de nuestros clientes y, por tanto, la <b>TOTAL SATISFACCI\u00d3N DE ESTOS<\/b>.<\/p><p class=\"p1\">A tal fin, la Direcci\u00f3n asume como premisas b\u00e1sicas las siguientes:<\/p><p>\u00a0<\/p><ol><li style=\"list-style-type: none;\"><ol><li style=\"margin-bottom: 16px;\">Mantener, desarrollar y <b>MEJORAR DE MANERA CONTINUA<\/b> un Sistema Integrado de acuerdo con lo que se establece en la norma <b>UNE-EN ISO 9001, ISO 14001, ISO 45001 e ISO 50001<\/b> vigentes.<\/li><li style=\"margin-bottom: 16px;\">La calidad final del servicio entregado al cliente es el resultado de las acciones planificadas y sistem\u00e1ticas de <b>PREVENCI\u00d3N, DETECCI\u00d3N, CORRECCI\u00d3N y MEJORA CONTINUADA <\/b>durante todo el ciclo del proceso.<\/li><li style=\"margin-bottom: 16px;\">Asume el compromiso de proporcionar las condiciones de trabajo seguras y saludables en el desarrollo del mismo para prevenir las lesiones y deterioro de la salud y que sea apropiada al <b>CONTEXTO DE LA ORGANIZACI\u00d3N<\/b>, as\u00ed como a la naturaleza espec\u00edfica de los riesgos y oportunidades de la <b>SST<\/b>. Asumiendo la operativa para la eliminaci\u00f3n de peligros y la reducci\u00f3n de los riesgos identificados.<\/li><li style=\"margin-bottom: 16px;\">Las exigencias contractuales (incluyendo aquellos requisitos de tipo legal y reglamentario que incluyen los aplicables a la Gesti\u00f3n Ambiental, Eficiencia Energ\u00e9tica, Seguridad y Salud en el Trabajo y al propio Sistema de Calidad), la comprensi\u00f3n de las necesidades y expectativas <b>DE LAS PARTES INTERESADAS<\/b> tanto internas como externas, los deseos y las <b>EXPECTATIVAS DE LOS CLIENTES<\/b>, son el principal criterio para establecer el patr\u00f3n de calidad de nuestros servicios y la base de la <b>MEJORA DE LA COMPA\u00d1\u00cdA<\/b>.<br \/>As\u00ed como asume el compromiso de la protecci\u00f3n del medio ambiente, incluyendo la prevenci\u00f3n de la contaminaci\u00f3n, el apoyo a las actividades de dise\u00f1o que repercuten con mayor eficiencia energ\u00e9tica y cuantos compromisos espec\u00edficos pertinentes al contexto de la organizaci\u00f3n.<\/li><li style=\"margin-bottom: 16px;\">La consecuci\u00f3n de los resultados econ\u00f3micos y la identificaci\u00f3n de los riesgos y oportunidades, as\u00ed como un uso y consumo de la energ\u00eda responsable y eficiente, debe ser el objetivo de cada uno de los empleados, que garantizar\u00e1 la continuidad y el futuro de la Compa\u00f1\u00eda.<\/li><li style=\"margin-bottom: 16px;\">Cada uno de los empleados es responsable de su trabajo y de cumplir las normas de <b>PREVENCI\u00d3N DE SEGURIDAD Y SALUD LABORAL, GESTI\u00d3N MEDIOAMBIENTAL, EFICIENCIA ENERG\u00c9TICA Y DE CALIDAD <\/b>conforme su conocimiento. La Direcci\u00f3n es responsable de IMPULsar la implantaci\u00f3n de la <b>POL\u00cdTICA y LOS OBJETIVOS DEL SGI,<\/b> facilitando los medios necesarios para su consecuci\u00f3n.<\/li><li>La aplicaci\u00f3n de esta pol\u00edtica exige la INTEGRACI\u00d3N ACTIVA de todo el equipo humano, incluido el compromiso para la consulta y comunicaci\u00f3n y participaci\u00f3n de los trabajadores y sus representantes.<\/li><\/ol><\/li><\/ol><p class=\"p1\" style=\"text-align: right;\">VALLS, 5 de JUNIO 2023<\/p><p class=\"p1\" style=\"text-align: right;\">Jordi Andreu Ribas<br \/>Gerente<\/p>\t\t\t\t\t\t\t\t<\/div>\n\t\t\t\t<\/div>\n\t\t\t\t<div class=\"elementor-element elementor-element-05fc05a elementor-align-center elementor-widget elementor-widget-button\" data-id=\"05fc05a\" data-element_type=\"widget\" data-e-type=\"widget\" data-widget_type=\"button.default\">\n\t\t\t\t<div class=\"elementor-widget-container\">\n\t\t\t\t\t\t\t\t\t<div class=\"elementor-button-wrapper\">\n\t\t\t\t\t<a class=\"elementor-button elementor-button-link elementor-size-md\" href=\"https:\/\/andreumanteniment.com\/wp-content\/uploads\/2023\/06\/AMI-POLITICA-INTEGRADA.rev1_2023.pdf\" target=\"_blank\">\n\t\t\t\t\t\t<span class=\"elementor-button-content-wrapper\">\n\t\t\t\t\t\t\t\t\t<span class=\"elementor-button-text\">Descarga aqu\u00ed el documento PDF<\/span>\n\t\t\t\t\t<\/span>\n\t\t\t\t\t<\/a>\n\t\t\t\t<\/div>\n\t\t\t\t\t\t\t\t<\/div>\n\t\t\t\t<\/div>\n\t\t\t\t\t<\/div>\n\t\t<\/div>\n\t\t\t\t\t<\/div>\n\t\t<\/section>\n\t\t\t\t<\/div>","protected":false},"excerpt":{"rendered":"<p>El principal objectiu de l&#8217;empresa ANDREU MANTENIMENT INDUSTRIAL SL, dedicada al MUNTATGE I MANTENIMENT D&#8217;INSTAL\u00b7LACIONS DE MITJANA I BAIXA TENSI\u00d3, D&#8217;AUTOMATITZACI\u00d3 ELECTROMEC\u00c0NICA, SISTEMES DE TELECOMUNICACI\u00d3 I SEGURETAT ELECTR\u00d2NIQUES,CLIMATITZACI\u00d3, GAS, SANEJAMENT I LAMPISTERIA I MANTENIMENT INDUSTRIAL. \u00c9s que la qualitat, el respecte i conservaci\u00f3 del Medi ambient, aix\u00ed com l&#8217;efici\u00e8ncia energ\u00e8tica i la SST del personal, [&hellip;]<\/p>\n","protected":false},"author":1,"featured_media":0,"parent":0,"menu_order":0,"comment_status":"closed","ping_status":"closed","template":"","meta":{"inline_featured_image":false,"footnotes":""},"class_list":["post-10773","page","type-page","status-publish","hentry"],"yoast_head":"<!-- This site is optimized with the Yoast SEO plugin v27.1.1 - https:\/\/yoast.com\/product\/yoast-seo-wordpress\/ -->\n<title>Pol\u00edtica Integrada - Andreu Manteniment<\/title>\n<meta name=\"description\" content=\"La nostra POL\u00cdTICA INTEGRADA es basa en el desenvolupament i prestaci\u00f3 de serveis concordes amb les bones pr\u00e0ctiques professionals.\" \/>\n<meta name=\"robots\" content=\"index, follow, max-snippet:-1, max-image-preview:large, max-video-preview:-1\" \/>\n<link rel=\"canonical\" href=\"https:\/\/andreumanteniment.com\/es\/politica-integrada-cat\/\" \/>\n<meta property=\"og:locale\" content=\"es_ES\" \/>\n<meta property=\"og:type\" content=\"article\" \/>\n<meta property=\"og:title\" content=\"Pol\u00edtica Integrada - Andreu Manteniment\" \/>\n<meta property=\"og:description\" content=\"La nostra POL\u00cdTICA INTEGRADA es basa en el desenvolupament i prestaci\u00f3 de serveis concordes amb les bones pr\u00e0ctiques professionals.\" \/>\n<meta property=\"og:url\" content=\"https:\/\/andreumanteniment.com\/es\/politica-integrada-cat\/\" \/>\n<meta property=\"og:site_name\" content=\"Andreu Manteniment\" \/>\n<meta property=\"article:publisher\" content=\"https:\/\/www.facebook.com\/andreumanteniment\" \/>\n<meta property=\"article:modified_time\" content=\"2023-06-07T07:56:30+00:00\" \/>\n<meta property=\"og:image\" content=\"https:\/\/andreumanteniment.com\/wp-content\/uploads\/2023\/06\/LOGO-POLITICA-INTEGRADA-AMI-1024x1024.png\" \/>\n<meta name=\"twitter:card\" content=\"summary_large_image\" \/>\n<meta name=\"twitter:label1\" content=\"Tiempo de lectura\" \/>\n\t<meta name=\"twitter:data1\" content=\"3 minutos\" \/>\n<script type=\"application\/ld+json\" class=\"yoast-schema-graph\">{\"@context\":\"https:\/\/schema.org\",\"@graph\":[{\"@type\":\"WebPage\",\"@id\":\"https:\/\/andreumanteniment.com\/ca\/politica-integrada-cat\/\",\"url\":\"https:\/\/andreumanteniment.com\/ca\/politica-integrada-cat\/\",\"name\":\"Pol\u00edtica Integrada - Andreu Manteniment\",\"isPartOf\":{\"@id\":\"http:\/\/andreumanteniment.com\/#website\"},\"primaryImageOfPage\":{\"@id\":\"https:\/\/andreumanteniment.com\/ca\/politica-integrada-cat\/#primaryimage\"},\"image\":{\"@id\":\"https:\/\/andreumanteniment.com\/ca\/politica-integrada-cat\/#primaryimage\"},\"thumbnailUrl\":\"https:\/\/andreumanteniment.com\/wp-content\/uploads\/2023\/06\/LOGO-POLITICA-INTEGRADA-AMI-1024x1024.png\",\"datePublished\":\"2023-06-07T07:21:22+00:00\",\"dateModified\":\"2023-06-07T07:56:30+00:00\",\"description\":\"La nostra POL\u00cdTICA INTEGRADA es basa en el desenvolupament i prestaci\u00f3 de serveis concordes amb les bones pr\u00e0ctiques professionals.\",\"breadcrumb\":{\"@id\":\"https:\/\/andreumanteniment.com\/ca\/politica-integrada-cat\/#breadcrumb\"},\"inLanguage\":\"es\",\"potentialAction\":[{\"@type\":\"ReadAction\",\"target\":[\"https:\/\/andreumanteniment.com\/ca\/politica-integrada-cat\/\"]}]},{\"@type\":\"ImageObject\",\"inLanguage\":\"es\",\"@id\":\"https:\/\/andreumanteniment.com\/ca\/politica-integrada-cat\/#primaryimage\",\"url\":\"https:\/\/andreumanteniment.com\/wp-content\/uploads\/2023\/06\/LOGO-POLITICA-INTEGRADA-AMI-1024x1024.png\",\"contentUrl\":\"https:\/\/andreumanteniment.com\/wp-content\/uploads\/2023\/06\/LOGO-POLITICA-INTEGRADA-AMI-1024x1024.png\"},{\"@type\":\"BreadcrumbList\",\"@id\":\"https:\/\/andreumanteniment.com\/ca\/politica-integrada-cat\/#breadcrumb\",\"itemListElement\":[{\"@type\":\"ListItem\",\"position\":1,\"name\":\"Inici\",\"item\":\"https:\/\/andreumanteniment.com\/\"},{\"@type\":\"ListItem\",\"position\":2,\"name\":\"Pol\u00edtica Integrada\"}]},{\"@type\":\"WebSite\",\"@id\":\"http:\/\/andreumanteniment.com\/#website\",\"url\":\"http:\/\/andreumanteniment.com\/\",\"name\":\"Andreu Manteniment\",\"description\":\"Andreu Manteniment Industrial\",\"publisher\":{\"@id\":\"http:\/\/andreumanteniment.com\/#organization\"},\"potentialAction\":[{\"@type\":\"SearchAction\",\"target\":{\"@type\":\"EntryPoint\",\"urlTemplate\":\"http:\/\/andreumanteniment.com\/?s={search_term_string}\"},\"query-input\":{\"@type\":\"PropertyValueSpecification\",\"valueRequired\":true,\"valueName\":\"search_term_string\"}}],\"inLanguage\":\"es\"},{\"@type\":\"Organization\",\"@id\":\"http:\/\/andreumanteniment.com\/#organization\",\"name\":\"Andreu Manteniment Industrial\",\"url\":\"http:\/\/andreumanteniment.com\/\",\"logo\":{\"@type\":\"ImageObject\",\"inLanguage\":\"es\",\"@id\":\"http:\/\/andreumanteniment.com\/#\/schema\/logo\/image\/\",\"url\":\"https:\/\/andreumanteniment.com\/wp-content\/uploads\/2022\/02\/logo-aManteniment.svg\",\"contentUrl\":\"https:\/\/andreumanteniment.com\/wp-content\/uploads\/2022\/02\/logo-aManteniment.svg\",\"width\":\"1024\",\"height\":\"1024\",\"caption\":\"Andreu Manteniment Industrial\"},\"image\":{\"@id\":\"http:\/\/andreumanteniment.com\/#\/schema\/logo\/image\/\"},\"sameAs\":[\"https:\/\/www.facebook.com\/andreumanteniment\",\"https:\/\/www.linkedin.com\/company\/andreumanteniments\/about\/\",\"https:\/\/www.instagram.com\/andreumanteniment\/\"]}]}<\/script>\n<!-- \/ Yoast SEO plugin. -->","yoast_head_json":{"title":"Pol\u00edtica Integrada - Andreu Manteniment","description":"La nostra POL\u00cdTICA INTEGRADA es basa en el desenvolupament i prestaci\u00f3 de serveis concordes amb les bones pr\u00e0ctiques professionals.","robots":{"index":"index","follow":"follow","max-snippet":"max-snippet:-1","max-image-preview":"max-image-preview:large","max-video-preview":"max-video-preview:-1"},"canonical":"https:\/\/andreumanteniment.com\/es\/politica-integrada-cat\/","og_locale":"es_ES","og_type":"article","og_title":"Pol\u00edtica Integrada - Andreu Manteniment","og_description":"La nostra POL\u00cdTICA INTEGRADA es basa en el desenvolupament i prestaci\u00f3 de serveis concordes amb les bones pr\u00e0ctiques professionals.","og_url":"https:\/\/andreumanteniment.com\/es\/politica-integrada-cat\/","og_site_name":"Andreu Manteniment","article_publisher":"https:\/\/www.facebook.com\/andreumanteniment","article_modified_time":"2023-06-07T07:56:30+00:00","og_image":[{"url":"https:\/\/andreumanteniment.com\/wp-content\/uploads\/2023\/06\/LOGO-POLITICA-INTEGRADA-AMI-1024x1024.png","type":"","width":"","height":""}],"twitter_card":"summary_large_image","twitter_misc":{"Tiempo de lectura":"3 minutos"},"schema":{"@context":"https:\/\/schema.org","@graph":[{"@type":"WebPage","@id":"https:\/\/andreumanteniment.com\/ca\/politica-integrada-cat\/","url":"https:\/\/andreumanteniment.com\/ca\/politica-integrada-cat\/","name":"Pol\u00edtica Integrada - Andreu Manteniment","isPartOf":{"@id":"http:\/\/andreumanteniment.com\/#website"},"primaryImageOfPage":{"@id":"https:\/\/andreumanteniment.com\/ca\/politica-integrada-cat\/#primaryimage"},"image":{"@id":"https:\/\/andreumanteniment.com\/ca\/politica-integrada-cat\/#primaryimage"},"thumbnailUrl":"https:\/\/andreumanteniment.com\/wp-content\/uploads\/2023\/06\/LOGO-POLITICA-INTEGRADA-AMI-1024x1024.png","datePublished":"2023-06-07T07:21:22+00:00","dateModified":"2023-06-07T07:56:30+00:00","description":"La nostra POL\u00cdTICA INTEGRADA es basa en el desenvolupament i prestaci\u00f3 de serveis concordes amb les bones pr\u00e0ctiques professionals.","breadcrumb":{"@id":"https:\/\/andreumanteniment.com\/ca\/politica-integrada-cat\/#breadcrumb"},"inLanguage":"es","potentialAction":[{"@type":"ReadAction","target":["https:\/\/andreumanteniment.com\/ca\/politica-integrada-cat\/"]}]},{"@type":"ImageObject","inLanguage":"es","@id":"https:\/\/andreumanteniment.com\/ca\/politica-integrada-cat\/#primaryimage","url":"https:\/\/andreumanteniment.com\/wp-content\/uploads\/2023\/06\/LOGO-POLITICA-INTEGRADA-AMI-1024x1024.png","contentUrl":"https:\/\/andreumanteniment.com\/wp-content\/uploads\/2023\/06\/LOGO-POLITICA-INTEGRADA-AMI-1024x1024.png"},{"@type":"BreadcrumbList","@id":"https:\/\/andreumanteniment.com\/ca\/politica-integrada-cat\/#breadcrumb","itemListElement":[{"@type":"ListItem","position":1,"name":"Inici","item":"https:\/\/andreumanteniment.com\/"},{"@type":"ListItem","position":2,"name":"Pol\u00edtica Integrada"}]},{"@type":"WebSite","@id":"http:\/\/andreumanteniment.com\/#website","url":"http:\/\/andreumanteniment.com\/","name":"Andreu Mantenimiento","description":"Andreu Manteniment Industrial","publisher":{"@id":"http:\/\/andreumanteniment.com\/#organization"},"potentialAction":[{"@type":"SearchAction","target":{"@type":"EntryPoint","urlTemplate":"http:\/\/andreumanteniment.com\/?s={search_term_string}"},"query-input":{"@type":"PropertyValueSpecification","valueRequired":true,"valueName":"search_term_string"}}],"inLanguage":"es"},{"@type":"Organization","@id":"http:\/\/andreumanteniment.com\/#organization","name":"Andreu Manteniment Industrial","url":"http:\/\/andreumanteniment.com\/","logo":{"@type":"ImageObject","inLanguage":"es","@id":"http:\/\/andreumanteniment.com\/#\/schema\/logo\/image\/","url":"https:\/\/andreumanteniment.com\/wp-content\/uploads\/2022\/02\/logo-aManteniment.svg","contentUrl":"https:\/\/andreumanteniment.com\/wp-content\/uploads\/2022\/02\/logo-aManteniment.svg","width":"1024","height":"1024","caption":"Andreu Manteniment Industrial"},"image":{"@id":"http:\/\/andreumanteniment.com\/#\/schema\/logo\/image\/"},"sameAs":["https:\/\/www.facebook.com\/andreumanteniment","https:\/\/www.linkedin.com\/company\/andreumanteniments\/about\/","https:\/\/www.instagram.com\/andreumanteniment\/"]}]}},"_links":{"self":[{"href":"https:\/\/andreumanteniment.com\/es\/wp-json\/wp\/v2\/pages\/10773","targetHints":{"allow":["GET"]}}],"collection":[{"href":"https:\/\/andreumanteniment.com\/es\/wp-json\/wp\/v2\/pages"}],"about":[{"href":"https:\/\/andreumanteniment.com\/es\/wp-json\/wp\/v2\/types\/page"}],"author":[{"embeddable":true,"href":"https:\/\/andreumanteniment.com\/es\/wp-json\/wp\/v2\/users\/1"}],"replies":[{"embeddable":true,"href":"https:\/\/andreumanteniment.com\/es\/wp-json\/wp\/v2\/comments?post=10773"}],"version-history":[{"count":0,"href":"https:\/\/andreumanteniment.com\/es\/wp-json\/wp\/v2\/pages\/10773\/revisions"}],"wp:attachment":[{"href":"https:\/\/andreumanteniment.com\/es\/wp-json\/wp\/v2\/media?parent=10773"}],"curies":[{"name":"wp","href":"https:\/\/api.w.org\/{rel}","templated":true}]}}