  {"id":13782,"date":"2024-10-28T13:34:33","date_gmt":"2024-10-28T11:34:33","guid":{"rendered":"https:\/\/andreumanteniment.com\/?page_id=13782"},"modified":"2024-10-28T13:47:17","modified_gmt":"2024-10-28T11:47:17","slug":"avis-legal-correu-electronic-combi","status":"publish","type":"page","link":"https:\/\/andreumanteniment.com\/es\/avis-legal-correu-electronic-combi\/","title":{"rendered":"Aviso legal correo electr\u00f3nico COMBI"},"content":{"rendered":"<div data-elementor-type=\"wp-page\" data-elementor-id=\"13782\" class=\"elementor elementor-13782\">\n\t\t\t\t\t\t<section class=\"elementor-section elementor-top-section elementor-element elementor-element-616d391 elementor-section-boxed elementor-section-height-default elementor-section-height-default qodef-elementor-content-no\" data-id=\"616d391\" data-element_type=\"section\" data-e-type=\"section\">\n\t\t\t\t\t\t<div class=\"elementor-container elementor-column-gap-no\">\n\t\t\t\t\t<div class=\"elementor-column elementor-col-100 elementor-top-column elementor-element elementor-element-042b1bb\" data-id=\"042b1bb\" data-element_type=\"column\" data-e-type=\"column\">\n\t\t\t<div class=\"elementor-widget-wrap elementor-element-populated\">\n\t\t\t\t\t\t<section class=\"elementor-section elementor-inner-section elementor-element elementor-element-a7fca58 elementor-section-boxed elementor-section-height-default elementor-section-height-default qodef-elementor-content-no\" data-id=\"a7fca58\" data-element_type=\"section\" data-e-type=\"section\">\n\t\t\t\t\t\t<div class=\"elementor-container elementor-column-gap-default\">\n\t\t\t\t\t<div class=\"elementor-column elementor-col-25 elementor-inner-column elementor-element elementor-element-84b31e4\" data-id=\"84b31e4\" data-element_type=\"column\" data-e-type=\"column\">\n\t\t\t<div class=\"elementor-widget-wrap elementor-element-populated\">\n\t\t\t\t\t\t<div class=\"elementor-element elementor-element-517c1ee elementor-widget elementor-widget-text-editor\" data-id=\"517c1ee\" data-element_type=\"widget\" data-e-type=\"widget\" data-widget_type=\"text-editor.default\">\n\t\t\t\t<div class=\"elementor-widget-container\">\n\t\t\t\t\t\t\t\t\t<a href=\"#legal-cat\">CATAL\u00c1N<\/a>\t\t\t\t\t\t\t\t<\/div>\n\t\t\t\t<\/div>\n\t\t\t\t\t<\/div>\n\t\t<\/div>\n\t\t\t\t<div class=\"elementor-column elementor-col-25 elementor-inner-column elementor-element elementor-element-b0957ac\" data-id=\"b0957ac\" data-element_type=\"column\" data-e-type=\"column\">\n\t\t\t<div class=\"elementor-widget-wrap elementor-element-populated\">\n\t\t\t\t\t\t<div class=\"elementor-element elementor-element-e498a20 elementor-widget elementor-widget-text-editor\" data-id=\"e498a20\" data-element_type=\"widget\" data-e-type=\"widget\" data-widget_type=\"text-editor.default\">\n\t\t\t\t<div class=\"elementor-widget-container\">\n\t\t\t\t\t\t\t\t\t<a href=\"#legal-esp\">ESPA\u00d1OL<\/a>\t\t\t\t\t\t\t\t<\/div>\n\t\t\t\t<\/div>\n\t\t\t\t\t<\/div>\n\t\t<\/div>\n\t\t\t\t<div class=\"elementor-column elementor-col-25 elementor-inner-column elementor-element elementor-element-cdd37f3\" data-id=\"cdd37f3\" data-element_type=\"column\" data-e-type=\"column\">\n\t\t\t<div class=\"elementor-widget-wrap elementor-element-populated\">\n\t\t\t\t\t\t<div class=\"elementor-element elementor-element-6c0df68 elementor-widget elementor-widget-text-editor\" data-id=\"6c0df68\" data-element_type=\"widget\" data-e-type=\"widget\" data-widget_type=\"text-editor.default\">\n\t\t\t\t<div class=\"elementor-widget-container\">\n\t\t\t\t\t\t\t\t\t<a href=\"#legal-eng\">INGL\u00c9S<\/a>\t\t\t\t\t\t\t\t<\/div>\n\t\t\t\t<\/div>\n\t\t\t\t\t<\/div>\n\t\t<\/div>\n\t\t\t\t<div class=\"elementor-column elementor-col-25 elementor-inner-column elementor-element elementor-element-3299a2b\" data-id=\"3299a2b\" data-element_type=\"column\" data-e-type=\"column\">\n\t\t\t<div class=\"elementor-widget-wrap\">\n\t\t\t\t\t\t\t<\/div>\n\t\t<\/div>\n\t\t\t\t\t<\/div>\n\t\t<\/section>\n\t\t\t\t\t<\/div>\n\t\t<\/div>\n\t\t\t\t\t<\/div>\n\t\t<\/section>\n\t\t\t\t<section class=\"elementor-section elementor-top-section elementor-element elementor-element-496867d elementor-section-boxed elementor-section-height-default elementor-section-height-default qodef-elementor-content-no\" data-id=\"496867d\" data-element_type=\"section\" data-e-type=\"section\" id=\"legal-cat\">\n\t\t\t\t\t\t<div class=\"elementor-container elementor-column-gap-default\">\n\t\t\t\t\t<div class=\"elementor-column elementor-col-100 elementor-top-column elementor-element elementor-element-880aa14\" data-id=\"880aa14\" data-element_type=\"column\" data-e-type=\"column\">\n\t\t\t<div class=\"elementor-widget-wrap elementor-element-populated\">\n\t\t\t\t\t\t<div class=\"elementor-element elementor-element-8831b1a elementor-widget elementor-widget-heading\" data-id=\"8831b1a\" data-element_type=\"widget\" data-e-type=\"widget\" data-widget_type=\"heading.default\">\n\t\t\t\t<div class=\"elementor-widget-container\">\n\t\t\t\t\t<h2 class=\"elementor-heading-title elementor-size-default\">Av\u00eds legal correu electr\u00f2nic<\/h2>\t\t\t\t<\/div>\n\t\t\t\t<\/div>\n\t\t\t\t<div class=\"elementor-element elementor-element-f6e1778 elementor-widget elementor-widget-heading\" data-id=\"f6e1778\" data-element_type=\"widget\" data-e-type=\"widget\" data-widget_type=\"heading.default\">\n\t\t\t\t<div class=\"elementor-widget-container\">\n\t\t\t\t\t<h5 class=\"elementor-heading-title elementor-size-default\">Textos Legals RGPDUE 2016\/679 \u2013 LOPDGDD 3\/2018                                                           \n<\/h5>\t\t\t\t<\/div>\n\t\t\t\t<\/div>\n\t\t\t\t<div class=\"elementor-element elementor-element-01529b3 elementor-widget elementor-widget-text-editor\" data-id=\"01529b3\" data-element_type=\"widget\" data-e-type=\"widget\" data-widget_type=\"text-editor.default\">\n\t\t\t\t<div class=\"elementor-widget-container\">\n\t\t\t\t\t\t\t\t\t<table width=\"662\">\n<tbody>\n<tr>\n<td colspan=\"2\" width=\"662\"><strong>PROTECCI\u00d3 DE DADES PERSONALS<\/strong><\/td>\n<\/tr>\n<tr>\n<td colspan=\"2\" width=\"662\">En compliment del que disposa el <strong>RGPDUE 2016\/679<\/strong> i la <strong>LOPDGDD 3\/2018<\/strong>, l\u2019informem que aquesta comunicaci\u00f3 cont\u00e9 informaci\u00f3 confidencial i privilegiada, sent d\u2019\u00fas exclusiu del destinatari. Si vost\u00e8 no \u00e9s el destinatari, tingui en compte que qualsevol distribuci\u00f3, c\u00f2pia o \u00fas d\u2019aquest comunicat, est\u00e0 estrictament prohibit. Si vost\u00e8 ha rebut aquesta comunicaci\u00f3 per error, comuniqui-ho per correu electr\u00f2nic o tel\u00e8fon i tingui l\u2019amabilitat d\u2019eliminar-lo de sistema. Podeu consultar la informaci\u00f3 addicional sobre protecci\u00f3 de dades a: <a href=\"https:\/\/combisa.com\/proteccio-de-dades\/\">https:\/\/combisa.com\/proteccio-de-dades\/<\/a><\/td>\n<\/tr>\n<tr>\n<td width=\"180\"><strong>Responsable de Tractament<\/strong><\/td>\n<td width=\"482\"><strong>Combi T\u00e9cnico, SL <\/strong><\/td>\n<\/tr>\n<tr>\n<td width=\"180\"><strong>Finalitat<\/strong><\/td>\n<td width=\"482\">Comunicaci\u00f3 corporativa amb tercers interessats i recepci\u00f3 de fitxers adjunts necessaris per al desenvolupament de l\u2019activitat comercial de l\u2019empresa.<\/td>\n<\/tr>\n<tr>\n<td width=\"180\"><strong>Base jur\u00eddica<\/strong><\/td>\n<td width=\"482\">Inter\u00e8s leg\u00edtim<\/td>\n<\/tr>\n<tr>\n<td width=\"180\"><strong>Destinataris <\/strong><\/td>\n<td width=\"482\">No es cediran dades a tercers, excepte per obligaci\u00f3 legal.<\/td>\n<\/tr>\n<tr>\n<td width=\"180\"><strong>Drets<\/strong><\/td>\n<td width=\"482\">Accedir, rectificar i suprimir les dades, aix\u00ed com altres drets que s\u2019identifiquen a la + Informaci\u00f3 Addicional RGPDUE<\/td>\n<\/tr>\n<\/tbody>\n<\/table>\t\t\t\t\t\t\t\t<\/div>\n\t\t\t\t<\/div>\n\t\t\t\t\t<\/div>\n\t\t<\/div>\n\t\t\t\t\t<\/div>\n\t\t<\/section>\n\t\t\t\t<section class=\"elementor-section elementor-top-section elementor-element elementor-element-77ad42e elementor-section-boxed elementor-section-height-default elementor-section-height-default qodef-elementor-content-no\" data-id=\"77ad42e\" data-element_type=\"section\" data-e-type=\"section\">\n\t\t\t\t\t\t<div class=\"elementor-container elementor-column-gap-default\">\n\t\t\t\t\t<div class=\"elementor-column elementor-col-100 elementor-top-column elementor-element elementor-element-89963c6\" data-id=\"89963c6\" data-element_type=\"column\" data-e-type=\"column\">\n\t\t\t<div class=\"elementor-widget-wrap elementor-element-populated\">\n\t\t\t\t\t\t<div class=\"elementor-element elementor-element-3c7bd37 elementor-widget-divider--view-line elementor-widget elementor-widget-divider\" data-id=\"3c7bd37\" data-element_type=\"widget\" data-e-type=\"widget\" data-widget_type=\"divider.default\">\n\t\t\t\t<div class=\"elementor-widget-container\">\n\t\t\t\t\t\t\t<div class=\"elementor-divider\">\n\t\t\t<span class=\"elementor-divider-separator\">\n\t\t\t\t\t\t<\/span>\n\t\t<\/div>\n\t\t\t\t\t\t<\/div>\n\t\t\t\t<\/div>\n\t\t\t\t\t<\/div>\n\t\t<\/div>\n\t\t\t\t\t<\/div>\n\t\t<\/section>\n\t\t\t\t<section class=\"elementor-section elementor-top-section elementor-element elementor-element-2eb5e03 elementor-section-boxed elementor-section-height-default elementor-section-height-default qodef-elementor-content-no\" data-id=\"2eb5e03\" data-element_type=\"section\" data-e-type=\"section\" id=\"legal-esp\">\n\t\t\t\t\t\t<div class=\"elementor-container elementor-column-gap-default\">\n\t\t\t\t\t<div class=\"elementor-column elementor-col-100 elementor-top-column elementor-element elementor-element-18036f6\" data-id=\"18036f6\" data-element_type=\"column\" data-e-type=\"column\">\n\t\t\t<div class=\"elementor-widget-wrap elementor-element-populated\">\n\t\t\t\t\t\t<div class=\"elementor-element elementor-element-deb3cb8 elementor-widget elementor-widget-heading\" data-id=\"deb3cb8\" data-element_type=\"widget\" data-e-type=\"widget\" data-widget_type=\"heading.default\">\n\t\t\t\t<div class=\"elementor-widget-container\">\n\t\t\t\t\t<h2 class=\"elementor-heading-title elementor-size-default\">Aviso legal correo electr\u00f3nico<\/h2>\t\t\t\t<\/div>\n\t\t\t\t<\/div>\n\t\t\t\t<div class=\"elementor-element elementor-element-f3f9ad8 elementor-widget elementor-widget-heading\" data-id=\"f3f9ad8\" data-element_type=\"widget\" data-e-type=\"widget\" data-widget_type=\"heading.default\">\n\t\t\t\t<div class=\"elementor-widget-container\">\n\t\t\t\t\t<h5 class=\"elementor-heading-title elementor-size-default\">Textos Legales RGPDUE 2016\/679 \u2013 LOPDGDD 3\/2018<\/h5>\t\t\t\t<\/div>\n\t\t\t\t<\/div>\n\t\t\t\t<div class=\"elementor-element elementor-element-966b3af elementor-widget elementor-widget-text-editor\" data-id=\"966b3af\" data-element_type=\"widget\" data-e-type=\"widget\" data-widget_type=\"text-editor.default\">\n\t\t\t\t<div class=\"elementor-widget-container\">\n\t\t\t\t\t\t\t\t\t<table width=\"662\">\n<tbody>\n<tr>\n<td colspan=\"2\" width=\"662\"><strong>PROTECCI\u00d3N DE DATOS PERSONALES<\/strong><\/td>\n<\/tr>\n<tr>\n<td colspan=\"2\" width=\"662\">En cumplimiento de lo dispuesto en el <strong>RGPDUE 2016\/679<\/strong> y la <strong>LOPDGDD 3\/2018<\/strong>, le informamos que esta comunicaci\u00f3n contiene informaci\u00f3n confidencial y privilegiada, siendo de uso exclusivo del destinatario. Si usted no es el destinatario, tenga en cuenta que cualquier distribuci\u00f3n, copia o uso de esta comunicaci\u00f3n est\u00e1 estrictamente prohibido. Si ha recibido esta comunicaci\u00f3n por error, comun\u00edquelo por correo electr\u00f3nico o tel\u00e9fono y tenga la amabilidad de eliminarlo del sistema. Puede consultar la informaci\u00f3n adicional sobre protecci\u00f3n de datos en: <a href=\"https:\/\/combisa.com\/proteccio-de-dades\/\">https:\/\/combisa.com\/proteccio-de-dades\/<\/a><\/td>\n<\/tr>\n<tr>\n<td width=\"180\"><strong>Responsable del Tratamiento<\/strong><\/td>\n<td width=\"482\"><strong>Combi T\u00e9cnico, SL<\/strong><\/td>\n<\/tr>\n<tr>\n<td width=\"180\"><strong>Finalidad<\/strong><\/td>\n<td width=\"482\">Comunicaci\u00f3n corporativa con terceros interesados y recepci\u00f3n de archivos adjuntos necesarios para el desarrollo de la actividad comercial de la empresa.<\/td>\n<\/tr>\n<tr>\n<td width=\"180\"><strong>Base jur\u00eddica<\/strong><\/td>\n<td width=\"482\">Inter\u00e9s leg\u00edtimo<\/td>\n<\/tr>\n<tr>\n<td width=\"180\"><strong>Destinatarios<\/strong><\/td>\n<td width=\"482\">No se ceder\u00e1n datos a terceros, salvo por obligaci\u00f3n legal.<\/td>\n<\/tr>\n<tr>\n<td width=\"180\"><strong>Derechos<\/strong><\/td>\n<td width=\"482\">Acceder, rectificar y suprimir las datos, as\u00ed como otros derechos que se identifiquen en la + Informaci\u00f3n Adicional RGPDUE<\/td>\n<\/tr>\n<\/tbody>\n<\/table>\t\t\t\t\t\t\t\t<\/div>\n\t\t\t\t<\/div>\n\t\t\t\t\t<\/div>\n\t\t<\/div>\n\t\t\t\t\t<\/div>\n\t\t<\/section>\n\t\t\t\t<section class=\"elementor-section elementor-top-section elementor-element elementor-element-448c9c7 elementor-section-boxed elementor-section-height-default elementor-section-height-default qodef-elementor-content-no\" data-id=\"448c9c7\" data-element_type=\"section\" data-e-type=\"section\">\n\t\t\t\t\t\t<div class=\"elementor-container elementor-column-gap-default\">\n\t\t\t\t\t<div class=\"elementor-column elementor-col-100 elementor-top-column elementor-element elementor-element-8700790\" data-id=\"8700790\" data-element_type=\"column\" data-e-type=\"column\">\n\t\t\t<div class=\"elementor-widget-wrap elementor-element-populated\">\n\t\t\t\t\t\t<div class=\"elementor-element elementor-element-3424b9e elementor-widget-divider--view-line elementor-widget elementor-widget-divider\" data-id=\"3424b9e\" data-element_type=\"widget\" data-e-type=\"widget\" data-widget_type=\"divider.default\">\n\t\t\t\t<div class=\"elementor-widget-container\">\n\t\t\t\t\t\t\t<div class=\"elementor-divider\">\n\t\t\t<span class=\"elementor-divider-separator\">\n\t\t\t\t\t\t<\/span>\n\t\t<\/div>\n\t\t\t\t\t\t<\/div>\n\t\t\t\t<\/div>\n\t\t\t\t\t<\/div>\n\t\t<\/div>\n\t\t\t\t\t<\/div>\n\t\t<\/section>\n\t\t\t\t<section class=\"elementor-section elementor-top-section elementor-element elementor-element-8d6d0fc elementor-section-boxed elementor-section-height-default elementor-section-height-default qodef-elementor-content-no\" data-id=\"8d6d0fc\" data-element_type=\"section\" data-e-type=\"section\" id=\"legal-eng\">\n\t\t\t\t\t\t<div class=\"elementor-container elementor-column-gap-default\">\n\t\t\t\t\t<div class=\"elementor-column elementor-col-100 elementor-top-column elementor-element elementor-element-cdaa5d5\" data-id=\"cdaa5d5\" data-element_type=\"column\" data-e-type=\"column\">\n\t\t\t<div class=\"elementor-widget-wrap elementor-element-populated\">\n\t\t\t\t\t\t<div class=\"elementor-element elementor-element-57860e2 elementor-widget elementor-widget-heading\" data-id=\"57860e2\" data-element_type=\"widget\" data-e-type=\"widget\" data-widget_type=\"heading.default\">\n\t\t\t\t<div class=\"elementor-widget-container\">\n\t\t\t\t\t<h2 class=\"elementor-heading-title elementor-size-default\">Email Legal Notice<\/h2>\t\t\t\t<\/div>\n\t\t\t\t<\/div>\n\t\t\t\t<div class=\"elementor-element elementor-element-a806c5d elementor-widget elementor-widget-heading\" data-id=\"a806c5d\" data-element_type=\"widget\" data-e-type=\"widget\" data-widget_type=\"heading.default\">\n\t\t\t\t<div class=\"elementor-widget-container\">\n\t\t\t\t\t<h5 class=\"elementor-heading-title elementor-size-default\">Textos Legales RGPDUE 2016\/679 \u2013 LOPDGDD 3\/2018<\/h5>\t\t\t\t<\/div>\n\t\t\t\t<\/div>\n\t\t\t\t<div class=\"elementor-element elementor-element-ab6d419 elementor-widget elementor-widget-text-editor\" data-id=\"ab6d419\" data-element_type=\"widget\" data-e-type=\"widget\" data-widget_type=\"text-editor.default\">\n\t\t\t\t<div class=\"elementor-widget-container\">\n\t\t\t\t\t\t\t\t\t<table width=\"662\">\n<tbody>\n<tr>\n<td colspan=\"2\" width=\"662\"><strong>PERSONAL DATA PROTECTION<\/strong><\/td>\n<\/tr>\n<tr>\n<td colspan=\"2\" width=\"662\">In compliance with the provisions of the <strong>GDPR 2016\/679<\/strong> and the <strong>LOPDGDD 3\/2018<\/strong>, we inform you that this communication contains confidential and privileged information, intended exclusively for the recipient. If you are not the intended recipient, please note that any distribution, copying, or use of this communication is strictly prohibited. If you have received this communication in error, please notify us by email or phone and kindly delete it from your system. You can consult additional information on data protection at: <a href=\"https:\/\/combisa.com\/proteccio-de-dades\/\">https:\/\/combisa.com\/proteccio-de-dades\/<\/a><\/td>\n<\/tr>\n<tr>\n<td width=\"180\"><strong>Data Controller<\/strong><\/td>\n<td width=\"482\"><strong>Combi T\u00e9cnico, SL <\/strong><\/td>\n<\/tr>\n<tr>\n<td width=\"180\"><strong>Purpose<\/strong><\/td>\n<td width=\"482\">Corporate communication with interested third parties and receipt of attached files necessary for the development of the company\u2019s commercial activity.<\/td>\n<\/tr>\n<tr>\n<td width=\"180\"><strong>Legal Basis<\/strong><\/td>\n<td width=\"482\">Legitimate interest<\/td>\n<\/tr>\n<tr>\n<td width=\"180\"><strong>Recipients<\/strong><\/td>\n<td width=\"482\">Data will not be transferred to third parties, except by legal obligation.<\/td>\n<\/tr>\n<tr>\n<td width=\"180\"><strong>Rights<\/strong><\/td>\n<td width=\"482\">Access, rectify, and delete data, as well as other rights recognized in the + Additional Information GDPR<\/td>\n<\/tr>\n<\/tbody>\n<\/table>\t\t\t\t\t\t\t\t<\/div>\n\t\t\t\t<\/div>\n\t\t\t\t\t<\/div>\n\t\t<\/div>\n\t\t\t\t\t<\/div>\n\t\t<\/section>\n\t\t\t\t<\/div>","protected":false},"excerpt":{"rendered":"<p>CATAL\u00c0ESPANYOLANGL\u00c8S Av\u00eds legal correu electr\u00f2nic Textos Legals RGPDUE 2016\/679 \u2013 LOPDGDD 3\/2018 PROTECCI\u00d3 DE DADES PERSONALS En compliment del que disposa el RGPDUE 2016\/679 i la LOPDGDD 3\/2018, l&#8217;informem que aquesta comunicaci\u00f3 cont\u00e9 informaci\u00f3 confidencial i privilegiada, sent d&#8217;\u00fas exclusiu del destinatari. Si vost\u00e8 no \u00e9s el destinatari, tingui en compte que qualsevol distribuci\u00f3, c\u00f2pia [&hellip;]<\/p>\n","protected":false},"author":1,"featured_media":0,"parent":0,"menu_order":0,"comment_status":"closed","ping_status":"closed","template":"","meta":{"inline_featured_image":false,"footnotes":""},"class_list":["post-13782","page","type-page","status-publish","hentry"],"yoast_head":"<!-- This site is optimized with the Yoast SEO plugin v27.1.1 - https:\/\/yoast.com\/product\/yoast-seo-wordpress\/ -->\n<title>Av\u00eds legal correu electr\u00f2nic COMBI - Andreu Manteniment<\/title>\n<meta name=\"robots\" content=\"index, follow, max-snippet:-1, max-image-preview:large, max-video-preview:-1\" \/>\n<link rel=\"canonical\" href=\"https:\/\/andreumanteniment.com\/es\/avis-legal-correu-electronic-combi\/\" \/>\n<meta property=\"og:locale\" content=\"es_ES\" \/>\n<meta property=\"og:type\" content=\"article\" \/>\n<meta property=\"og:title\" content=\"Av\u00eds legal correu electr\u00f2nic COMBI - Andreu Manteniment\" \/>\n<meta property=\"og:description\" content=\"CATAL\u00c0ESPANYOLANGL\u00c8S Av\u00eds legal correu electr\u00f2nic Textos Legals RGPDUE 2016\/679 \u2013 LOPDGDD 3\/2018 PROTECCI\u00d3 DE DADES PERSONALS En compliment del que disposa el RGPDUE 2016\/679 i la LOPDGDD 3\/2018, l&#8217;informem que aquesta comunicaci\u00f3 cont\u00e9 informaci\u00f3 confidencial i privilegiada, sent d&#8217;\u00fas exclusiu del destinatari. Si vost\u00e8 no \u00e9s el destinatari, tingui en compte que qualsevol distribuci\u00f3, c\u00f2pia [&hellip;]\" \/>\n<meta property=\"og:url\" content=\"https:\/\/andreumanteniment.com\/es\/avis-legal-correu-electronic-combi\/\" \/>\n<meta property=\"og:site_name\" content=\"Andreu Manteniment\" \/>\n<meta property=\"article:publisher\" content=\"https:\/\/www.facebook.com\/andreumanteniment\" \/>\n<meta property=\"article:modified_time\" content=\"2024-10-28T11:47:17+00:00\" \/>\n<meta name=\"twitter:card\" content=\"summary_large_image\" \/>\n<meta name=\"twitter:label1\" content=\"Tiempo de lectura\" \/>\n\t<meta name=\"twitter:data1\" content=\"3 minutos\" \/>\n<script type=\"application\/ld+json\" class=\"yoast-schema-graph\">{\"@context\":\"https:\/\/schema.org\",\"@graph\":[{\"@type\":\"WebPage\",\"@id\":\"https:\/\/andreumanteniment.com\/avis-legal-correu-electronic-combi\/\",\"url\":\"https:\/\/andreumanteniment.com\/avis-legal-correu-electronic-combi\/\",\"name\":\"Av\u00eds legal correu electr\u00f2nic COMBI - Andreu Manteniment\",\"isPartOf\":{\"@id\":\"http:\/\/andreumanteniment.com\/#website\"},\"datePublished\":\"2024-10-28T11:34:33+00:00\",\"dateModified\":\"2024-10-28T11:47:17+00:00\",\"breadcrumb\":{\"@id\":\"https:\/\/andreumanteniment.com\/avis-legal-correu-electronic-combi\/#breadcrumb\"},\"inLanguage\":\"es\",\"potentialAction\":[{\"@type\":\"ReadAction\",\"target\":[\"https:\/\/andreumanteniment.com\/avis-legal-correu-electronic-combi\/\"]}]},{\"@type\":\"BreadcrumbList\",\"@id\":\"https:\/\/andreumanteniment.com\/avis-legal-correu-electronic-combi\/#breadcrumb\",\"itemListElement\":[{\"@type\":\"ListItem\",\"position\":1,\"name\":\"Inici\",\"item\":\"https:\/\/andreumanteniment.com\/\"},{\"@type\":\"ListItem\",\"position\":2,\"name\":\"Av\u00eds legal correu electr\u00f2nic COMBI\"}]},{\"@type\":\"WebSite\",\"@id\":\"http:\/\/andreumanteniment.com\/#website\",\"url\":\"http:\/\/andreumanteniment.com\/\",\"name\":\"Andreu Manteniment\",\"description\":\"Andreu Manteniment Industrial\",\"publisher\":{\"@id\":\"http:\/\/andreumanteniment.com\/#organization\"},\"potentialAction\":[{\"@type\":\"SearchAction\",\"target\":{\"@type\":\"EntryPoint\",\"urlTemplate\":\"http:\/\/andreumanteniment.com\/?s={search_term_string}\"},\"query-input\":{\"@type\":\"PropertyValueSpecification\",\"valueRequired\":true,\"valueName\":\"search_term_string\"}}],\"inLanguage\":\"es\"},{\"@type\":\"Organization\",\"@id\":\"http:\/\/andreumanteniment.com\/#organization\",\"name\":\"Andreu Manteniment Industrial\",\"url\":\"http:\/\/andreumanteniment.com\/\",\"logo\":{\"@type\":\"ImageObject\",\"inLanguage\":\"es\",\"@id\":\"http:\/\/andreumanteniment.com\/#\/schema\/logo\/image\/\",\"url\":\"https:\/\/andreumanteniment.com\/wp-content\/uploads\/2022\/02\/logo-aManteniment.svg\",\"contentUrl\":\"https:\/\/andreumanteniment.com\/wp-content\/uploads\/2022\/02\/logo-aManteniment.svg\",\"width\":\"1024\",\"height\":\"1024\",\"caption\":\"Andreu Manteniment Industrial\"},\"image\":{\"@id\":\"http:\/\/andreumanteniment.com\/#\/schema\/logo\/image\/\"},\"sameAs\":[\"https:\/\/www.facebook.com\/andreumanteniment\",\"https:\/\/www.linkedin.com\/company\/andreumanteniments\/about\/\",\"https:\/\/www.instagram.com\/andreumanteniment\/\"]}]}<\/script>\n<!-- \/ Yoast SEO plugin. -->","yoast_head_json":{"title":"Av\u00eds legal correu electr\u00f2nic COMBI - Andreu Manteniment","robots":{"index":"index","follow":"follow","max-snippet":"max-snippet:-1","max-image-preview":"max-image-preview:large","max-video-preview":"max-video-preview:-1"},"canonical":"https:\/\/andreumanteniment.com\/es\/avis-legal-correu-electronic-combi\/","og_locale":"es_ES","og_type":"article","og_title":"Av\u00eds legal correu electr\u00f2nic COMBI - Andreu Manteniment","og_description":"CATAL\u00c0ESPANYOLANGL\u00c8S Av\u00eds legal correu electr\u00f2nic Textos Legals RGPDUE 2016\/679 \u2013 LOPDGDD 3\/2018 PROTECCI\u00d3 DE DADES PERSONALS En compliment del que disposa el RGPDUE 2016\/679 i la LOPDGDD 3\/2018, l&#8217;informem que aquesta comunicaci\u00f3 cont\u00e9 informaci\u00f3 confidencial i privilegiada, sent d&#8217;\u00fas exclusiu del destinatari. Si vost\u00e8 no \u00e9s el destinatari, tingui en compte que qualsevol distribuci\u00f3, c\u00f2pia [&hellip;]","og_url":"https:\/\/andreumanteniment.com\/es\/avis-legal-correu-electronic-combi\/","og_site_name":"Andreu Manteniment","article_publisher":"https:\/\/www.facebook.com\/andreumanteniment","article_modified_time":"2024-10-28T11:47:17+00:00","twitter_card":"summary_large_image","twitter_misc":{"Tiempo de lectura":"3 minutos"},"schema":{"@context":"https:\/\/schema.org","@graph":[{"@type":"WebPage","@id":"https:\/\/andreumanteniment.com\/avis-legal-correu-electronic-combi\/","url":"https:\/\/andreumanteniment.com\/avis-legal-correu-electronic-combi\/","name":"Av\u00eds legal correu electr\u00f2nic COMBI - Andreu Manteniment","isPartOf":{"@id":"http:\/\/andreumanteniment.com\/#website"},"datePublished":"2024-10-28T11:34:33+00:00","dateModified":"2024-10-28T11:47:17+00:00","breadcrumb":{"@id":"https:\/\/andreumanteniment.com\/avis-legal-correu-electronic-combi\/#breadcrumb"},"inLanguage":"es","potentialAction":[{"@type":"ReadAction","target":["https:\/\/andreumanteniment.com\/avis-legal-correu-electronic-combi\/"]}]},{"@type":"BreadcrumbList","@id":"https:\/\/andreumanteniment.com\/avis-legal-correu-electronic-combi\/#breadcrumb","itemListElement":[{"@type":"ListItem","position":1,"name":"Inici","item":"https:\/\/andreumanteniment.com\/"},{"@type":"ListItem","position":2,"name":"Av\u00eds legal correu electr\u00f2nic COMBI"}]},{"@type":"WebSite","@id":"http:\/\/andreumanteniment.com\/#website","url":"http:\/\/andreumanteniment.com\/","name":"Andreu Mantenimiento","description":"Andreu Manteniment Industrial","publisher":{"@id":"http:\/\/andreumanteniment.com\/#organization"},"potentialAction":[{"@type":"SearchAction","target":{"@type":"EntryPoint","urlTemplate":"http:\/\/andreumanteniment.com\/?s={search_term_string}"},"query-input":{"@type":"PropertyValueSpecification","valueRequired":true,"valueName":"search_term_string"}}],"inLanguage":"es"},{"@type":"Organization","@id":"http:\/\/andreumanteniment.com\/#organization","name":"Andreu Manteniment Industrial","url":"http:\/\/andreumanteniment.com\/","logo":{"@type":"ImageObject","inLanguage":"es","@id":"http:\/\/andreumanteniment.com\/#\/schema\/logo\/image\/","url":"https:\/\/andreumanteniment.com\/wp-content\/uploads\/2022\/02\/logo-aManteniment.svg","contentUrl":"https:\/\/andreumanteniment.com\/wp-content\/uploads\/2022\/02\/logo-aManteniment.svg","width":"1024","height":"1024","caption":"Andreu Manteniment Industrial"},"image":{"@id":"http:\/\/andreumanteniment.com\/#\/schema\/logo\/image\/"},"sameAs":["https:\/\/www.facebook.com\/andreumanteniment","https:\/\/www.linkedin.com\/company\/andreumanteniments\/about\/","https:\/\/www.instagram.com\/andreumanteniment\/"]}]}},"_links":{"self":[{"href":"https:\/\/andreumanteniment.com\/es\/wp-json\/wp\/v2\/pages\/13782","targetHints":{"allow":["GET"]}}],"collection":[{"href":"https:\/\/andreumanteniment.com\/es\/wp-json\/wp\/v2\/pages"}],"about":[{"href":"https:\/\/andreumanteniment.com\/es\/wp-json\/wp\/v2\/types\/page"}],"author":[{"embeddable":true,"href":"https:\/\/andreumanteniment.com\/es\/wp-json\/wp\/v2\/users\/1"}],"replies":[{"embeddable":true,"href":"https:\/\/andreumanteniment.com\/es\/wp-json\/wp\/v2\/comments?post=13782"}],"version-history":[{"count":0,"href":"https:\/\/andreumanteniment.com\/es\/wp-json\/wp\/v2\/pages\/13782\/revisions"}],"wp:attachment":[{"href":"https:\/\/andreumanteniment.com\/es\/wp-json\/wp\/v2\/media?parent=13782"}],"curies":[{"name":"wp","href":"https:\/\/api.w.org\/{rel}","templated":true}]}}