  {"id":10773,"date":"2023-06-07T09:21:22","date_gmt":"2023-06-07T07:21:22","guid":{"rendered":"https:\/\/andreumanteniment.com\/?page_id=10773"},"modified":"2023-06-07T09:56:30","modified_gmt":"2023-06-07T07:56:30","slug":"politica-integrada-cat","status":"publish","type":"page","link":"https:\/\/andreumanteniment.com\/fr\/politica-integrada-cat\/","title":{"rendered":"Politique int\u00e9gr\u00e9e"},"content":{"rendered":"<div data-elementor-type=\"wp-page\" data-elementor-id=\"10773\" class=\"elementor elementor-10773\">\n\t\t\t\t\t\t<section class=\"elementor-section elementor-top-section elementor-element elementor-element-85528a7 elementor-section-boxed elementor-section-height-default elementor-section-height-default qodef-elementor-content-no\" data-id=\"85528a7\" data-element_type=\"section\" data-e-type=\"section\">\n\t\t\t\t\t\t<div class=\"elementor-container elementor-column-gap-default\">\n\t\t\t\t\t<div class=\"elementor-column elementor-col-100 elementor-top-column elementor-element elementor-element-6c990df\" data-id=\"6c990df\" data-element_type=\"column\" data-e-type=\"column\">\n\t\t\t<div class=\"elementor-widget-wrap elementor-element-populated\">\n\t\t\t\t\t\t<div class=\"elementor-element elementor-element-4ada887 elementor-widget elementor-widget-image\" data-id=\"4ada887\" data-element_type=\"widget\" data-e-type=\"widget\" data-widget_type=\"image.default\">\n\t\t\t\t<div class=\"elementor-widget-container\">\n\t\t\t\t\t\t\t\t\t\t\t\t\t\t\t<img fetchpriority=\"high\" decoding=\"async\" width=\"1024\" height=\"1024\" src=\"https:\/\/andreumanteniment.com\/wp-content\/uploads\/2023\/06\/LOGO-POLITICA-INTEGRADA-AMI-1024x1024.png\" class=\"attachment-large size-large wp-image-10779\" alt=\"Logo Pol\u00edtica Integrada Andreu Manteniment 2023\" srcset=\"https:\/\/andreumanteniment.com\/wp-content\/uploads\/2023\/06\/LOGO-POLITICA-INTEGRADA-AMI-1024x1024.png 1024w, https:\/\/andreumanteniment.com\/wp-content\/uploads\/2023\/06\/LOGO-POLITICA-INTEGRADA-AMI-300x300.png 300w, https:\/\/andreumanteniment.com\/wp-content\/uploads\/2023\/06\/LOGO-POLITICA-INTEGRADA-AMI-150x150.png 150w, https:\/\/andreumanteniment.com\/wp-content\/uploads\/2023\/06\/LOGO-POLITICA-INTEGRADA-AMI-768x768.png 768w, https:\/\/andreumanteniment.com\/wp-content\/uploads\/2023\/06\/LOGO-POLITICA-INTEGRADA-AMI-650x650.png 650w, https:\/\/andreumanteniment.com\/wp-content\/uploads\/2023\/06\/LOGO-POLITICA-INTEGRADA-AMI-82x82.png 82w, https:\/\/andreumanteniment.com\/wp-content\/uploads\/2023\/06\/LOGO-POLITICA-INTEGRADA-AMI.png 1080w\" sizes=\"(max-width: 1024px) 100vw, 1024px\" \/>\t\t\t\t\t\t\t\t\t\t\t\t\t\t\t<\/div>\n\t\t\t\t<\/div>\n\t\t\t\t\t<\/div>\n\t\t<\/div>\n\t\t\t\t\t<\/div>\n\t\t<\/section>\n\t\t\t\t<section class=\"elementor-section elementor-top-section elementor-element elementor-element-6ae3956 elementor-section-boxed elementor-section-height-default elementor-section-height-default qodef-elementor-content-no\" data-id=\"6ae3956\" data-element_type=\"section\" data-e-type=\"section\">\n\t\t\t\t\t\t<div class=\"elementor-container elementor-column-gap-default\">\n\t\t\t\t\t<div class=\"elementor-column elementor-col-100 elementor-top-column elementor-element elementor-element-3e04372\" data-id=\"3e04372\" data-element_type=\"column\" data-e-type=\"column\">\n\t\t\t<div class=\"elementor-widget-wrap elementor-element-populated\">\n\t\t\t\t\t\t<div class=\"elementor-element elementor-element-95f8466 elementor-widget elementor-widget-text-editor\" data-id=\"95f8466\" data-element_type=\"widget\" data-e-type=\"widget\" data-widget_type=\"text-editor.default\">\n\t\t\t\t<div class=\"elementor-widget-container\">\n\t\t\t\t\t\t\t\t\t<p class=\"p1\">L&#039;objectif principal de l&#039;entreprise <b>ANDREU MANTENIMENT INDUSTRIAL SL, <\/b>d\u00e9di\u00e9 \u00e0<\/p><p class=\"p1\"><b>ASSEMBLAGE ET MAINTENANCE D&#039;INSTALLATIONS MOYENNE ET BASSE TENSION, AUTOMATISATION \u00c9LECTROM\u00c9CANIQUE, SYST\u00c8MES \u00c9LECTRONIQUES DE T\u00c9L\u00c9COMMUNICATION ET DE S\u00c9CURIT\u00c9, CLIMATISATION, GAZ, ASSAINISSEMENT ET LAMPES ET MAINTENANCE INDUSTRIELLE. <\/b><\/p><p class=\"p1\">C&#039;est que la qualit\u00e9, le respect et la conservation de l&#039;Environnement, ainsi que l&#039;efficacit\u00e9 \u00e9nerg\u00e9tique et le SST du personnel, sont le reflet des attentes de chaque client, de l&#039;entreprise elle-m\u00eame et de la soci\u00e9t\u00e9 en g\u00e9n\u00e9ral. La n\u00f4tre <b>POLITIQUE INT\u00c9GR\u00c9E<\/b> est bas\u00e9 sur le d\u00e9veloppement et la fourniture de services conformes aux bonnes pratiques professionnelles, s\u00fbrs, fiables, orient\u00e9s en tout cas vers la satisfaction des exigences de nos clients et, par cons\u00e9quent, la <b>SATISFACTION TOTALE AVEC CES<\/b>.<\/p><p class=\"p1\">\u00c0 cette fin, la Direction suppose comme pr\u00e9misses de base les \u00e9l\u00e9ments suivants\u00a0:<\/p><p>\u00a0<\/p><ol><li style=\"list-style-type: none;\"><ol><li style=\"margin-bottom: 16px;\">Entretenir, d\u00e9velopper et <b>AM\u00c9LIORER EN CONTINU<\/b> un syst\u00e8me int\u00e9gr\u00e9 conform\u00e9ment \u00e0 ce qui est \u00e9tabli dans la norme <b>UNE-EN ISO 9001, ISO 14001, ISO 45001 et ISO 50001<\/b> en vigueur<\/li><li style=\"margin-bottom: 16px;\">La qualit\u00e9 finale du service d\u00e9livr\u00e9 au client est le r\u00e9sultat des actions planifi\u00e9es et syst\u00e9matiques de <b>PR\u00c9VENTION, D\u00c9TECTION, CORRECTION et AM\u00c9LIORATION CONTINUE <\/b>tout au long du cycle du processus.<\/li><li style=\"margin-bottom: 16px;\">Assume l&#039;engagement de fournir des conditions de travail s\u00fbres et saines dans le d\u00e9veloppement de celles-ci pour pr\u00e9venir les blessures et la d\u00e9t\u00e9rioration de la sant\u00e9 et qui soient appropri\u00e9es au <b>CONTEXTE DE L&#039;ORGANISATION<\/b>, ainsi que la nature sp\u00e9cifique des risques et opportunit\u00e9s du <b>SST<\/b>. Assumer l&#039;intervention pour l&#039;\u00e9limination des dangers et la r\u00e9duction des risques identifi\u00e9s.<\/li><li style=\"margin-bottom: 16px;\">Les exigences contractuelles (y compris les exigences l\u00e9gales et r\u00e9glementaires qui incluent celles applicables \u00e0 la gestion environnementale, \u00e0 l&#039;efficacit\u00e9 \u00e9nerg\u00e9tique, \u00e0 la s\u00e9curit\u00e9 et \u00e0 la sant\u00e9 au travail et au syst\u00e8me qualit\u00e9 lui-m\u00eame), la compr\u00e9hension des besoins et des attentes <b>DES PARTIES INT\u00c9RESS\u00c9ES<\/b> \u00e0 la fois internes et externes, les d\u00e9sirs et les <b>ATTENTES DU CLIENT<\/b>, sont le principal crit\u00e8re d&#039;\u00e9tablissement du mod\u00e8le de qualit\u00e9 de nos services et la base de la <b>AM\u00c9LIORATION DE L&#039;ENTREPRISE<\/b>.<br \/>En plus d&#039;assumer l&#039;engagement de prot\u00e9ger l&#039;environnement, y compris la pr\u00e9vention de la pollution, le soutien aux activit\u00e9s de conception qui ont un impact sur une plus grande efficacit\u00e9 \u00e9nerg\u00e9tique et combien d&#039;engagements sp\u00e9cifiques pertinents au contexte de l&#039;organisation.<\/li><li style=\"margin-bottom: 16px;\">L&#039;obtention de r\u00e9sultats \u00e9conomiques et l&#039;identification des risques et des opportunit\u00e9s, ainsi qu&#039;une utilisation et une consommation responsable et efficace de l&#039;\u00e9nergie, doivent \u00eatre l&#039;objectif de chacun des salari\u00e9s, qui garantira la continuit\u00e9 et l&#039;avenir de l&#039;entreprise.<\/li><li style=\"margin-bottom: 16px;\">Chacun des salari\u00e9s est responsable de son travail et du respect des r\u00e8gles de <b>SANT\u00c9 ET S\u00c9CURIT\u00c9 AU TRAVAIL PR\u00c9VENTION, GESTION ENVIRONNEMENTALE, EFFICACIT\u00c9 \u00c9NERG\u00c9TIQUE ET QUALIT\u00c9 <\/b>selon vos connaissances. La Direction est charg\u00e9e de PROMOUVOIR la mise en \u0153uvre du <b>LA POLITIQUE et LES OBJECTIFS DU SIG,<\/b> faciliter les moyens n\u00e9cessaires \u00e0 sa r\u00e9alisation.<\/li><li>L&#039;application de cette politique n\u00e9cessite l&#039;INT\u00c9GRATION ACTIVE de toute l&#039;\u00e9quipe humaine, y compris l&#039;engagement de consultation, de communication et de participation des travailleurs et de leurs repr\u00e9sentants.<\/li><\/ol><\/li><\/ol><p class=\"p1\" style=\"text-align: right;\">VALL\u00c9E, LE 5 JUIN 2023<\/p><p class=\"p1\" style=\"text-align: right;\">Jordi Andreu Ribas<br \/>directeur<\/p>\t\t\t\t\t\t\t\t<\/div>\n\t\t\t\t<\/div>\n\t\t\t\t<div class=\"elementor-element elementor-element-05fc05a elementor-align-center elementor-widget elementor-widget-button\" data-id=\"05fc05a\" data-element_type=\"widget\" data-e-type=\"widget\" data-widget_type=\"button.default\">\n\t\t\t\t<div class=\"elementor-widget-container\">\n\t\t\t\t\t\t\t\t\t<div class=\"elementor-button-wrapper\">\n\t\t\t\t\t<a class=\"elementor-button elementor-button-link elementor-size-md\" href=\"https:\/\/andreumanteniment.com\/wp-content\/uploads\/2023\/06\/AMI-POLITICA-INTEGRADA.rev1_2023.pdf\" target=\"_blank\">\n\t\t\t\t\t\t<span class=\"elementor-button-content-wrapper\">\n\t\t\t\t\t\t\t\t\t<span class=\"elementor-button-text\">T\u00e9l\u00e9chargez le document PDF ici<\/span>\n\t\t\t\t\t<\/span>\n\t\t\t\t\t<\/a>\n\t\t\t\t<\/div>\n\t\t\t\t\t\t\t\t<\/div>\n\t\t\t\t<\/div>\n\t\t\t\t\t<\/div>\n\t\t<\/div>\n\t\t\t\t\t<\/div>\n\t\t<\/section>\n\t\t\t\t<\/div>","protected":false},"excerpt":{"rendered":"<p>El principal objectiu de l&#8217;empresa ANDREU MANTENIMENT INDUSTRIAL SL, dedicada al MUNTATGE I MANTENIMENT D&#8217;INSTAL\u00b7LACIONS DE MITJANA I BAIXA TENSI\u00d3, D&#8217;AUTOMATITZACI\u00d3 ELECTROMEC\u00c0NICA, SISTEMES DE TELECOMUNICACI\u00d3 I SEGURETAT ELECTR\u00d2NIQUES,CLIMATITZACI\u00d3, GAS, SANEJAMENT I LAMPISTERIA I MANTENIMENT INDUSTRIAL. \u00c9s que la qualitat, el respecte i conservaci\u00f3 del Medi ambient, aix\u00ed com l&#8217;efici\u00e8ncia energ\u00e8tica i la SST del personal, [&hellip;]<\/p>\n","protected":false},"author":1,"featured_media":0,"parent":0,"menu_order":0,"comment_status":"closed","ping_status":"closed","template":"","meta":{"inline_featured_image":false,"footnotes":""},"class_list":["post-10773","page","type-page","status-publish","hentry"],"yoast_head":"<!-- This site is optimized with the Yoast SEO plugin v27.1.1 - https:\/\/yoast.com\/product\/yoast-seo-wordpress\/ -->\n<title>Pol\u00edtica Integrada - Andreu Manteniment<\/title>\n<meta name=\"description\" content=\"La nostra POL\u00cdTICA INTEGRADA es basa en el desenvolupament i prestaci\u00f3 de serveis concordes amb les bones pr\u00e0ctiques professionals.\" \/>\n<meta name=\"robots\" content=\"index, follow, max-snippet:-1, max-image-preview:large, max-video-preview:-1\" \/>\n<link rel=\"canonical\" href=\"https:\/\/andreumanteniment.com\/fr\/politica-integrada-cat\/\" \/>\n<meta property=\"og:locale\" content=\"fr_FR\" \/>\n<meta property=\"og:type\" content=\"article\" \/>\n<meta property=\"og:title\" content=\"Pol\u00edtica Integrada - Andreu Manteniment\" \/>\n<meta property=\"og:description\" content=\"La nostra POL\u00cdTICA INTEGRADA es basa en el desenvolupament i prestaci\u00f3 de serveis concordes amb les bones pr\u00e0ctiques professionals.\" \/>\n<meta property=\"og:url\" content=\"https:\/\/andreumanteniment.com\/fr\/politica-integrada-cat\/\" \/>\n<meta property=\"og:site_name\" content=\"Andreu Manteniment\" \/>\n<meta property=\"article:publisher\" content=\"https:\/\/www.facebook.com\/andreumanteniment\" \/>\n<meta property=\"article:modified_time\" content=\"2023-06-07T07:56:30+00:00\" \/>\n<meta property=\"og:image\" content=\"https:\/\/andreumanteniment.com\/wp-content\/uploads\/2023\/06\/LOGO-POLITICA-INTEGRADA-AMI-1024x1024.png\" \/>\n<meta name=\"twitter:card\" content=\"summary_large_image\" \/>\n<meta name=\"twitter:label1\" content=\"Dur\u00e9e de lecture estim\u00e9e\" \/>\n\t<meta name=\"twitter:data1\" content=\"3 minutes\" \/>\n<script type=\"application\/ld+json\" class=\"yoast-schema-graph\">{\"@context\":\"https:\/\/schema.org\",\"@graph\":[{\"@type\":\"WebPage\",\"@id\":\"https:\/\/andreumanteniment.com\/ca\/politica-integrada-cat\/\",\"url\":\"https:\/\/andreumanteniment.com\/ca\/politica-integrada-cat\/\",\"name\":\"Pol\u00edtica Integrada - Andreu Manteniment\",\"isPartOf\":{\"@id\":\"http:\/\/andreumanteniment.com\/#website\"},\"primaryImageOfPage\":{\"@id\":\"https:\/\/andreumanteniment.com\/ca\/politica-integrada-cat\/#primaryimage\"},\"image\":{\"@id\":\"https:\/\/andreumanteniment.com\/ca\/politica-integrada-cat\/#primaryimage\"},\"thumbnailUrl\":\"https:\/\/andreumanteniment.com\/wp-content\/uploads\/2023\/06\/LOGO-POLITICA-INTEGRADA-AMI-1024x1024.png\",\"datePublished\":\"2023-06-07T07:21:22+00:00\",\"dateModified\":\"2023-06-07T07:56:30+00:00\",\"description\":\"La nostra POL\u00cdTICA INTEGRADA es basa en el desenvolupament i prestaci\u00f3 de serveis concordes amb les bones pr\u00e0ctiques professionals.\",\"breadcrumb\":{\"@id\":\"https:\/\/andreumanteniment.com\/ca\/politica-integrada-cat\/#breadcrumb\"},\"inLanguage\":\"fr-FR\",\"potentialAction\":[{\"@type\":\"ReadAction\",\"target\":[\"https:\/\/andreumanteniment.com\/ca\/politica-integrada-cat\/\"]}]},{\"@type\":\"ImageObject\",\"inLanguage\":\"fr-FR\",\"@id\":\"https:\/\/andreumanteniment.com\/ca\/politica-integrada-cat\/#primaryimage\",\"url\":\"https:\/\/andreumanteniment.com\/wp-content\/uploads\/2023\/06\/LOGO-POLITICA-INTEGRADA-AMI-1024x1024.png\",\"contentUrl\":\"https:\/\/andreumanteniment.com\/wp-content\/uploads\/2023\/06\/LOGO-POLITICA-INTEGRADA-AMI-1024x1024.png\"},{\"@type\":\"BreadcrumbList\",\"@id\":\"https:\/\/andreumanteniment.com\/ca\/politica-integrada-cat\/#breadcrumb\",\"itemListElement\":[{\"@type\":\"ListItem\",\"position\":1,\"name\":\"Inici\",\"item\":\"https:\/\/andreumanteniment.com\/\"},{\"@type\":\"ListItem\",\"position\":2,\"name\":\"Pol\u00edtica Integrada\"}]},{\"@type\":\"WebSite\",\"@id\":\"http:\/\/andreumanteniment.com\/#website\",\"url\":\"http:\/\/andreumanteniment.com\/\",\"name\":\"Andreu Manteniment\",\"description\":\"Andreu Manteniment Industrial\",\"publisher\":{\"@id\":\"http:\/\/andreumanteniment.com\/#organization\"},\"potentialAction\":[{\"@type\":\"SearchAction\",\"target\":{\"@type\":\"EntryPoint\",\"urlTemplate\":\"http:\/\/andreumanteniment.com\/?s={search_term_string}\"},\"query-input\":{\"@type\":\"PropertyValueSpecification\",\"valueRequired\":true,\"valueName\":\"search_term_string\"}}],\"inLanguage\":\"fr-FR\"},{\"@type\":\"Organization\",\"@id\":\"http:\/\/andreumanteniment.com\/#organization\",\"name\":\"Andreu Manteniment Industrial\",\"url\":\"http:\/\/andreumanteniment.com\/\",\"logo\":{\"@type\":\"ImageObject\",\"inLanguage\":\"fr-FR\",\"@id\":\"http:\/\/andreumanteniment.com\/#\/schema\/logo\/image\/\",\"url\":\"https:\/\/andreumanteniment.com\/wp-content\/uploads\/2022\/02\/logo-aManteniment.svg\",\"contentUrl\":\"https:\/\/andreumanteniment.com\/wp-content\/uploads\/2022\/02\/logo-aManteniment.svg\",\"width\":\"1024\",\"height\":\"1024\",\"caption\":\"Andreu Manteniment Industrial\"},\"image\":{\"@id\":\"http:\/\/andreumanteniment.com\/#\/schema\/logo\/image\/\"},\"sameAs\":[\"https:\/\/www.facebook.com\/andreumanteniment\",\"https:\/\/www.linkedin.com\/company\/andreumanteniments\/about\/\",\"https:\/\/www.instagram.com\/andreumanteniment\/\"]}]}<\/script>\n<!-- \/ Yoast SEO plugin. -->","yoast_head_json":{"title":"Pol\u00edtica Integrada - Andreu Manteniment","description":"La nostra POL\u00cdTICA INTEGRADA es basa en el desenvolupament i prestaci\u00f3 de serveis concordes amb les bones pr\u00e0ctiques professionals.","robots":{"index":"index","follow":"follow","max-snippet":"max-snippet:-1","max-image-preview":"max-image-preview:large","max-video-preview":"max-video-preview:-1"},"canonical":"https:\/\/andreumanteniment.com\/fr\/politica-integrada-cat\/","og_locale":"fr_FR","og_type":"article","og_title":"Pol\u00edtica Integrada - Andreu Manteniment","og_description":"La nostra POL\u00cdTICA INTEGRADA es basa en el desenvolupament i prestaci\u00f3 de serveis concordes amb les bones pr\u00e0ctiques professionals.","og_url":"https:\/\/andreumanteniment.com\/fr\/politica-integrada-cat\/","og_site_name":"Andreu Manteniment","article_publisher":"https:\/\/www.facebook.com\/andreumanteniment","article_modified_time":"2023-06-07T07:56:30+00:00","og_image":[{"url":"https:\/\/andreumanteniment.com\/wp-content\/uploads\/2023\/06\/LOGO-POLITICA-INTEGRADA-AMI-1024x1024.png","type":"","width":"","height":""}],"twitter_card":"summary_large_image","twitter_misc":{"Dur\u00e9e de lecture estim\u00e9e":"3 minutes"},"schema":{"@context":"https:\/\/schema.org","@graph":[{"@type":"WebPage","@id":"https:\/\/andreumanteniment.com\/ca\/politica-integrada-cat\/","url":"https:\/\/andreumanteniment.com\/ca\/politica-integrada-cat\/","name":"Pol\u00edtica Integrada - Andreu Manteniment","isPartOf":{"@id":"http:\/\/andreumanteniment.com\/#website"},"primaryImageOfPage":{"@id":"https:\/\/andreumanteniment.com\/ca\/politica-integrada-cat\/#primaryimage"},"image":{"@id":"https:\/\/andreumanteniment.com\/ca\/politica-integrada-cat\/#primaryimage"},"thumbnailUrl":"https:\/\/andreumanteniment.com\/wp-content\/uploads\/2023\/06\/LOGO-POLITICA-INTEGRADA-AMI-1024x1024.png","datePublished":"2023-06-07T07:21:22+00:00","dateModified":"2023-06-07T07:56:30+00:00","description":"La nostra POL\u00cdTICA INTEGRADA es basa en el desenvolupament i prestaci\u00f3 de serveis concordes amb les bones pr\u00e0ctiques professionals.","breadcrumb":{"@id":"https:\/\/andreumanteniment.com\/ca\/politica-integrada-cat\/#breadcrumb"},"inLanguage":"fr-FR","potentialAction":[{"@type":"ReadAction","target":["https:\/\/andreumanteniment.com\/ca\/politica-integrada-cat\/"]}]},{"@type":"ImageObject","inLanguage":"fr-FR","@id":"https:\/\/andreumanteniment.com\/ca\/politica-integrada-cat\/#primaryimage","url":"https:\/\/andreumanteniment.com\/wp-content\/uploads\/2023\/06\/LOGO-POLITICA-INTEGRADA-AMI-1024x1024.png","contentUrl":"https:\/\/andreumanteniment.com\/wp-content\/uploads\/2023\/06\/LOGO-POLITICA-INTEGRADA-AMI-1024x1024.png"},{"@type":"BreadcrumbList","@id":"https:\/\/andreumanteniment.com\/ca\/politica-integrada-cat\/#breadcrumb","itemListElement":[{"@type":"ListItem","position":1,"name":"Inici","item":"https:\/\/andreumanteniment.com\/"},{"@type":"ListItem","position":2,"name":"Pol\u00edtica Integrada"}]},{"@type":"WebSite","@id":"http:\/\/andreumanteniment.com\/#website","url":"http:\/\/andreumanteniment.com\/","name":"Andr\u00e9 Entretien","description":"Andreu Mantenimient Industrial","publisher":{"@id":"http:\/\/andreumanteniment.com\/#organization"},"potentialAction":[{"@type":"SearchAction","target":{"@type":"EntryPoint","urlTemplate":"http:\/\/andreumanteniment.com\/?s={search_term_string}"},"query-input":{"@type":"PropertyValueSpecification","valueRequired":true,"valueName":"search_term_string"}}],"inLanguage":"fr-FR"},{"@type":"Organization","@id":"http:\/\/andreumanteniment.com\/#organization","name":"Andreu Mantenimient Industrial","url":"http:\/\/andreumanteniment.com\/","logo":{"@type":"ImageObject","inLanguage":"fr-FR","@id":"http:\/\/andreumanteniment.com\/#\/schema\/logo\/image\/","url":"https:\/\/andreumanteniment.com\/wp-content\/uploads\/2022\/02\/logo-aManteniment.svg","contentUrl":"https:\/\/andreumanteniment.com\/wp-content\/uploads\/2022\/02\/logo-aManteniment.svg","width":"1024","height":"1024","caption":"Andreu Manteniment Industrial"},"image":{"@id":"http:\/\/andreumanteniment.com\/#\/schema\/logo\/image\/"},"sameAs":["https:\/\/www.facebook.com\/andreumanteniment","https:\/\/www.linkedin.com\/company\/andreumanteniments\/about\/","https:\/\/www.instagram.com\/andreumanteniment\/"]}]}},"_links":{"self":[{"href":"https:\/\/andreumanteniment.com\/fr\/wp-json\/wp\/v2\/pages\/10773","targetHints":{"allow":["GET"]}}],"collection":[{"href":"https:\/\/andreumanteniment.com\/fr\/wp-json\/wp\/v2\/pages"}],"about":[{"href":"https:\/\/andreumanteniment.com\/fr\/wp-json\/wp\/v2\/types\/page"}],"author":[{"embeddable":true,"href":"https:\/\/andreumanteniment.com\/fr\/wp-json\/wp\/v2\/users\/1"}],"replies":[{"embeddable":true,"href":"https:\/\/andreumanteniment.com\/fr\/wp-json\/wp\/v2\/comments?post=10773"}],"version-history":[{"count":0,"href":"https:\/\/andreumanteniment.com\/fr\/wp-json\/wp\/v2\/pages\/10773\/revisions"}],"wp:attachment":[{"href":"https:\/\/andreumanteniment.com\/fr\/wp-json\/wp\/v2\/media?parent=10773"}],"curies":[{"name":"wp","href":"https:\/\/api.w.org\/{rel}","templated":true}]}}