  {"id":9262,"date":"2022-06-13T15:09:21","date_gmt":"2022-06-13T13:09:21","guid":{"rendered":"https:\/\/andreumanteniment.com\/?page_id=9262"},"modified":"2022-07-01T11:13:27","modified_gmt":"2022-07-01T09:13:27","slug":"clausules","status":"publish","type":"page","link":"https:\/\/andreumanteniment.com\/fr\/clausules\/","title":{"rendered":"clauses"},"content":{"rendered":"<div data-elementor-type=\"wp-page\" data-elementor-id=\"9262\" class=\"elementor elementor-9262\">\n\t\t\t\t\t\t<section class=\"elementor-section elementor-top-section elementor-element elementor-element-f33b45f elementor-section-boxed elementor-section-height-default elementor-section-height-default qodef-elementor-content-no\" data-id=\"f33b45f\" data-element_type=\"section\" data-e-type=\"section\">\n\t\t\t\t\t\t<div class=\"elementor-container elementor-column-gap-default\">\n\t\t\t\t\t<div class=\"elementor-column elementor-col-100 elementor-top-column elementor-element elementor-element-135cead\" data-id=\"135cead\" data-element_type=\"column\" data-e-type=\"column\">\n\t\t\t<div class=\"elementor-widget-wrap elementor-element-populated\">\n\t\t\t\t\t\t<div class=\"elementor-element elementor-element-8831b1a elementor-widget elementor-widget-heading\" data-id=\"8831b1a\" data-element_type=\"widget\" data-e-type=\"widget\" data-widget_type=\"heading.default\">\n\t\t\t\t<div class=\"elementor-widget-container\">\n\t\t\t\t\t<h2 class=\"elementor-heading-title elementor-size-default\">clauses<\/h2>\t\t\t\t<\/div>\n\t\t\t\t<\/div>\n\t\t\t\t<div class=\"elementor-element elementor-element-bed421f elementor-align-left elementor-widget elementor-widget-button\" data-id=\"bed421f\" data-element_type=\"widget\" data-e-type=\"widget\" data-widget_type=\"button.default\">\n\t\t\t\t<div class=\"elementor-widget-container\">\n\t\t\t\t\t\t\t\t\t<div class=\"elementor-button-wrapper\">\n\t\t\t\t\t<a class=\"elementor-button elementor-button-link elementor-size-xs\" href=\"#contacte\">\n\t\t\t\t\t\t<span class=\"elementor-button-content-wrapper\">\n\t\t\t\t\t\t\t\t\t<span class=\"elementor-button-text\">1.1 Clause de contact<\/span>\n\t\t\t\t\t<\/span>\n\t\t\t\t\t<\/a>\n\t\t\t\t<\/div>\n\t\t\t\t\t\t\t\t<\/div>\n\t\t\t\t<\/div>\n\t\t\t\t<div class=\"elementor-element elementor-element-40c9edd elementor-align-left elementor-widget elementor-widget-button\" data-id=\"40c9edd\" data-element_type=\"widget\" data-e-type=\"widget\" data-widget_type=\"button.default\">\n\t\t\t\t<div class=\"elementor-widget-container\">\n\t\t\t\t\t\t\t\t\t<div class=\"elementor-button-wrapper\">\n\t\t\t\t\t<a class=\"elementor-button elementor-button-link elementor-size-xs\" href=\"#treballa\">\n\t\t\t\t\t\t<span class=\"elementor-button-content-wrapper\">\n\t\t\t\t\t\t\t\t\t<span class=\"elementor-button-text\">1.2 Clause Travailler avec nous<\/span>\n\t\t\t\t\t<\/span>\n\t\t\t\t\t<\/a>\n\t\t\t\t<\/div>\n\t\t\t\t\t\t\t\t<\/div>\n\t\t\t\t<\/div>\n\t\t\t\t\t<\/div>\n\t\t<\/div>\n\t\t\t\t\t<\/div>\n\t\t<\/section>\n\t\t\t\t<section class=\"elementor-section elementor-top-section elementor-element elementor-element-496867d elementor-section-boxed elementor-section-height-default elementor-section-height-default qodef-elementor-content-no\" data-id=\"496867d\" data-element_type=\"section\" data-e-type=\"section\">\n\t\t\t\t\t\t<div class=\"elementor-container elementor-column-gap-default\">\n\t\t\t\t\t<div class=\"elementor-column elementor-col-100 elementor-top-column elementor-element elementor-element-880aa14\" data-id=\"880aa14\" data-element_type=\"column\" data-e-type=\"column\">\n\t\t\t<div class=\"elementor-widget-wrap elementor-element-populated\">\n\t\t\t\t\t\t<div class=\"elementor-element elementor-element-5a63ef4 elementor-absolute elementor-widget elementor-widget-menu-anchor\" data-id=\"5a63ef4\" data-element_type=\"widget\" data-e-type=\"widget\" data-settings=\"{&quot;_position&quot;:&quot;absolute&quot;}\" data-widget_type=\"menu-anchor.default\">\n\t\t\t\t<div class=\"elementor-widget-container\">\n\t\t\t\t\t\t\t<div class=\"elementor-menu-anchor\" id=\"contacte\"><\/div>\n\t\t\t\t\t\t<\/div>\n\t\t\t\t<\/div>\n\t\t\t\t<div class=\"elementor-element elementor-element-5501112 elementor-widget elementor-widget-heading\" data-id=\"5501112\" data-element_type=\"widget\" data-e-type=\"widget\" data-widget_type=\"heading.default\">\n\t\t\t\t<div class=\"elementor-widget-container\">\n\t\t\t\t\t<h5 class=\"elementor-heading-title elementor-size-default\">1.1 Clause de contact<\/h5>\t\t\t\t<\/div>\n\t\t\t\t<\/div>\n\t\t\t\t<div class=\"elementor-element elementor-element-01529b3 elementor-widget elementor-widget-text-editor\" data-id=\"01529b3\" data-element_type=\"widget\" data-e-type=\"widget\" data-widget_type=\"text-editor.default\">\n\t\t\t\t<div class=\"elementor-widget-container\">\n\t\t\t\t\t\t\t\t\t<table width=\"640\"><tbody><tr><td colspan=\"2\" width=\"640\"><p><strong>Protection des Donn\u00e9es RGPDUE 2016\/679 \u2013 LOPDGDD 3\/2018<\/strong>\u00a0 \u00a0 \u00a0 \u00a0 \u00a0 \u00a0 \u00a0 \u00a0 \u00a0 \u00a0 \u00a0 \u00a0 \u00a0 \u00a0 \u00a0 \u00a0 \u00a0 \u00a0 \u00a0 \u00a0 \u00a0 \u00a0 \u00a0 \u00a0\u00a0<\/p><\/td><\/tr><tr><td width=\"115\"><p><strong>responsable<\/strong><\/p><\/td><td width=\"525\"><p><strong>ANDREU INDUSTRIAL MAINTENANCE, SL<\/strong><\/p><\/td><\/tr><tr><td width=\"115\"><p><strong>Finalitat<\/strong><\/p><p><strong>\u00a0<\/strong><\/p><\/td><td width=\"525\"><p>Collecte de vos donn\u00e9es, pour r\u00e9pondre \u00e0 votre candidature et g\u00e9rer votre CV lors du processus de s\u00e9lection dans lequel vous pourriez \u00eatre inclus.<\/p><\/td><\/tr><tr><td width=\"115\"><p><strong>L\u00e9gitimation<\/strong><\/p><p><strong>\u00a0<\/strong><\/p><\/td><td width=\"525\"><p>Int\u00e9r\u00eat l\u00e9gitime du traitement, pour traiter vos donn\u00e9es dans le processus de s\u00e9lection.<\/p><\/td><\/tr><tr><td width=\"115\"><p><strong>Destinataris<\/strong><\/p><\/td><td width=\"525\"><p>Les donn\u00e9es ne seront pas transf\u00e9r\u00e9es \u00e0 des tiers, sauf si la loi l&#039;exige.<\/p><p>Accomplissement d\u2019une obligation ou d\u2019un avantage l\u00e9gal.<\/p><\/td><\/tr><tr><td width=\"115\"><p><strong>conservation <\/strong><\/p><\/td><td width=\"525\"><p>Si vous \u00eates le candidat retenu, vos donn\u00e9es feront partie de votre dossier de salari\u00e9.<\/p><p>Si votre candidature n&#039;est pas retenue, nous conserverons vos donn\u00e9es pendant une dur\u00e9e maximale de 6 mois pour les futurs processus de s\u00e9lection.<\/p><\/td><\/tr><tr><td width=\"115\"><p><strong>Drets<\/strong><\/p><\/td><td width=\"525\"><p>Acc\u00e9der, rectifier et supprimer les donn\u00e9es, ainsi que d&#039;autres droits comme expliqu\u00e9 dans le <a href=\"https:\/\/andreumanteniment.com\/fr\/proteccio-de-dades\/\">+ infos compl\u00e9mentaires RGPDUE<\/a><\/p><\/td><\/tr><tr><td width=\"115\"><p><strong>Informations Compl\u00e9mentaires<\/strong><\/p><\/td><td width=\"525\"><p>Des informations compl\u00e9mentaires et d\u00e9taill\u00e9es sur la protection des donn\u00e9es sont disponibles sur notre site Internet : <a href=\"https:\/\/andreumanteniment.com\/fr\/proteccio-de-dades\/\">andreumanteniment.com<\/a><\/p><\/td><\/tr><\/tbody><\/table>\t\t\t\t\t\t\t\t<\/div>\n\t\t\t\t<\/div>\n\t\t\t\t\t<\/div>\n\t\t<\/div>\n\t\t\t\t\t<\/div>\n\t\t<\/section>\n\t\t\t\t<section class=\"elementor-section elementor-top-section elementor-element elementor-element-ab4d627 elementor-section-boxed elementor-section-height-default elementor-section-height-default qodef-elementor-content-no\" data-id=\"ab4d627\" data-element_type=\"section\" data-e-type=\"section\">\n\t\t\t\t\t\t<div class=\"elementor-container elementor-column-gap-default\">\n\t\t\t\t\t<div class=\"elementor-column elementor-col-100 elementor-top-column elementor-element elementor-element-3389fc8\" data-id=\"3389fc8\" data-element_type=\"column\" data-e-type=\"column\">\n\t\t\t<div class=\"elementor-widget-wrap elementor-element-populated\">\n\t\t\t\t\t\t<div class=\"elementor-element elementor-element-086c432 elementor-widget elementor-widget-heading\" data-id=\"086c432\" data-element_type=\"widget\" data-e-type=\"widget\" data-widget_type=\"heading.default\">\n\t\t\t\t<div class=\"elementor-widget-container\">\n\t\t\t\t\t<h5 class=\"elementor-heading-title elementor-size-default\">1.2 Clause - Travailler avec nous<\/h5>\t\t\t\t<\/div>\n\t\t\t\t<\/div>\n\t\t\t\t<div class=\"elementor-element elementor-element-8cd0c3e elementor-widget elementor-widget-text-editor\" data-id=\"8cd0c3e\" data-element_type=\"widget\" data-e-type=\"widget\" data-widget_type=\"text-editor.default\">\n\t\t\t\t<div class=\"elementor-widget-container\">\n\t\t\t\t\t\t\t\t\t<table width=\"640\"><tbody><tr><td colspan=\"2\" width=\"640\"><p><strong>Protection des Donn\u00e9es RGPDUE 2016\/679 \u2013 LOPDGDD 3\/2018<\/strong>\u00a0 \u00a0 \u00a0 \u00a0 \u00a0 \u00a0 \u00a0 \u00a0 \u00a0 \u00a0 \u00a0 \u00a0 \u00a0 \u00a0 \u00a0 \u00a0 \u00a0 \u00a0 \u00a0 \u00a0 \u00a0 \u00a0 \u00a0 \u00a0<\/p><\/td><\/tr><tr><td width=\"115\"><p><strong>responsable<\/strong><\/p><\/td><td width=\"525\"><p><strong>ANDREU INDUSTRIAL MAINTENANCE, SL<\/strong><\/p><\/td><\/tr><tr><td width=\"115\"><p><strong>Finalitat<\/strong><\/p><p><strong>\u00a0<\/strong><\/p><\/td><td width=\"525\"><p>Collecte de vos donn\u00e9es, pour r\u00e9pondre \u00e0 votre candidature et g\u00e9rer votre CV lors du processus de s\u00e9lection dans lequel vous pourriez \u00eatre inclus.<\/p><\/td><\/tr><tr><td width=\"115\"><p><strong>L\u00e9gitimation<\/strong><\/p><p><strong>\u00a0<\/strong><\/p><\/td><td width=\"525\"><p>Int\u00e9r\u00eat l\u00e9gitime du traitement, pour traiter vos donn\u00e9es dans le processus de s\u00e9lection.<\/p><\/td><\/tr><tr><td width=\"115\"><p><strong>Destinataris<\/strong><\/p><\/td><td width=\"525\"><p>Les donn\u00e9es ne seront pas transf\u00e9r\u00e9es \u00e0 des tiers, sauf si la loi l&#039;exige.<\/p><p>Accomplissement d\u2019une obligation ou d\u2019un avantage l\u00e9gal.<\/p><\/td><\/tr><tr><td width=\"115\"><p><strong>conservation <\/strong><\/p><\/td><td width=\"525\"><p>Si vous \u00eates le candidat retenu, vos donn\u00e9es feront partie de votre dossier de salari\u00e9.<\/p><p>Si votre candidature n&#039;est pas retenue, nous conserverons vos donn\u00e9es pendant une dur\u00e9e maximale de 6 mois pour les futurs processus de s\u00e9lection.<\/p><\/td><\/tr><tr><td width=\"115\"><p><strong>Drets<\/strong><\/p><\/td><td width=\"525\"><p>Acc\u00e9der, rectifier et supprimer les donn\u00e9es, ainsi que d&#039;autres droits comme expliqu\u00e9 dans le <a href=\"https:\/\/andreumanteniment.com\/fr\/proteccio-de-dades\/\">+ infos compl\u00e9mentaires RGPDUE<\/a><\/p><\/td><\/tr><tr><td width=\"115\"><p><strong>Informations Compl\u00e9mentaires<\/strong><\/p><\/td><td width=\"525\"><p>Des informations compl\u00e9mentaires et d\u00e9taill\u00e9es sur la protection des donn\u00e9es sont disponibles sur notre site Internet : <a href=\"https:\/\/andreumanteniment.com\/fr\/proteccio-de-dades\/\">andreumanteniment.com<\/a><\/p><\/td><\/tr><\/tbody><\/table>\t\t\t\t\t\t\t\t<\/div>\n\t\t\t\t<\/div>\n\t\t\t\t<div class=\"elementor-element elementor-element-bd048df elementor-absolute elementor-widget elementor-widget-menu-anchor\" data-id=\"bd048df\" data-element_type=\"widget\" data-e-type=\"widget\" data-settings=\"{&quot;_position&quot;:&quot;absolute&quot;}\" data-widget_type=\"menu-anchor.default\">\n\t\t\t\t<div class=\"elementor-widget-container\">\n\t\t\t\t\t\t\t<div class=\"elementor-menu-anchor\" id=\"treballa\"><\/div>\n\t\t\t\t\t\t<\/div>\n\t\t\t\t<\/div>\n\t\t\t\t\t<\/div>\n\t\t<\/div>\n\t\t\t\t\t<\/div>\n\t\t<\/section>\n\t\t\t\t<\/div>","protected":false},"excerpt":{"rendered":"<p>Cl\u00e0usules 1.1 Cl\u00e0usula Contacte 1.2 Cl\u00e0usula Treballa amb nosaltres 1.1 Cl\u00e0usula Contacte Protecci\u00f3 de Dades RGPDUE 2016\/679 \u2013 LOPDGDD 3\/2018&nbsp; &nbsp; &nbsp; &nbsp; &nbsp; &nbsp; &nbsp; &nbsp; &nbsp; &nbsp; &nbsp; &nbsp; &nbsp; &nbsp; &nbsp; &nbsp; &nbsp; &nbsp; &nbsp; &nbsp; &nbsp; &nbsp; &nbsp; &nbsp;&nbsp; Responsable ANDREU MANTENIMENT INDUSTRIAL, S.L. Finalitat &nbsp; Recollida de les seves dades, [&hellip;]<\/p>\n","protected":false},"author":1,"featured_media":0,"parent":0,"menu_order":0,"comment_status":"closed","ping_status":"closed","template":"","meta":{"inline_featured_image":false,"footnotes":""},"class_list":["post-9262","page","type-page","status-publish","hentry"],"yoast_head":"<!-- This site is optimized with the Yoast SEO plugin v27.1.1 - https:\/\/yoast.com\/product\/yoast-seo-wordpress\/ -->\n<title>Cl\u00e0usules | Andreu Manteniment Industrial<\/title>\n<meta name=\"description\" content=\"Cl\u00e0usules de contacte i treballa amb nosaltres d&#039;Andreu Manteniment Industrial.\" \/>\n<meta name=\"robots\" content=\"index, follow, max-snippet:-1, max-image-preview:large, max-video-preview:-1\" \/>\n<link rel=\"canonical\" href=\"https:\/\/andreumanteniment.com\/fr\/clausules\/\" \/>\n<meta property=\"og:locale\" content=\"fr_FR\" \/>\n<meta property=\"og:type\" content=\"article\" \/>\n<meta property=\"og:title\" content=\"Cl\u00e0usules | Andreu Manteniment Industrial\" \/>\n<meta property=\"og:description\" content=\"Cl\u00e0usules de contacte i treballa amb nosaltres d&#039;Andreu Manteniment Industrial.\" \/>\n<meta property=\"og:url\" content=\"https:\/\/andreumanteniment.com\/fr\/clausules\/\" \/>\n<meta property=\"og:site_name\" content=\"Andreu Manteniment\" \/>\n<meta property=\"article:publisher\" content=\"https:\/\/www.facebook.com\/andreumanteniment\" \/>\n<meta property=\"article:modified_time\" content=\"2022-07-01T09:13:27+00:00\" \/>\n<meta name=\"twitter:card\" content=\"summary_large_image\" \/>\n<meta name=\"twitter:label1\" content=\"Dur\u00e9e de lecture estim\u00e9e\" \/>\n\t<meta name=\"twitter:data1\" content=\"2 minutes\" \/>\n<script type=\"application\/ld+json\" class=\"yoast-schema-graph\">{\"@context\":\"https:\/\/schema.org\",\"@graph\":[{\"@type\":\"WebPage\",\"@id\":\"https:\/\/andreumanteniment.com\/ca\/clausules\/\",\"url\":\"https:\/\/andreumanteniment.com\/ca\/clausules\/\",\"name\":\"Cl\u00e0usules | Andreu Manteniment Industrial\",\"isPartOf\":{\"@id\":\"http:\/\/andreumanteniment.com\/#website\"},\"datePublished\":\"2022-06-13T13:09:21+00:00\",\"dateModified\":\"2022-07-01T09:13:27+00:00\",\"description\":\"Cl\u00e0usules de contacte i treballa amb nosaltres d'Andreu Manteniment Industrial.\",\"breadcrumb\":{\"@id\":\"https:\/\/andreumanteniment.com\/ca\/clausules\/#breadcrumb\"},\"inLanguage\":\"fr-FR\",\"potentialAction\":[{\"@type\":\"ReadAction\",\"target\":[\"https:\/\/andreumanteniment.com\/ca\/clausules\/\"]}]},{\"@type\":\"BreadcrumbList\",\"@id\":\"https:\/\/andreumanteniment.com\/ca\/clausules\/#breadcrumb\",\"itemListElement\":[{\"@type\":\"ListItem\",\"position\":1,\"name\":\"Inici\",\"item\":\"https:\/\/andreumanteniment.com\/\"},{\"@type\":\"ListItem\",\"position\":2,\"name\":\"Cl\u00e0usules\"}]},{\"@type\":\"WebSite\",\"@id\":\"http:\/\/andreumanteniment.com\/#website\",\"url\":\"http:\/\/andreumanteniment.com\/\",\"name\":\"Andreu Manteniment\",\"description\":\"Andreu Manteniment Industrial\",\"publisher\":{\"@id\":\"http:\/\/andreumanteniment.com\/#organization\"},\"potentialAction\":[{\"@type\":\"SearchAction\",\"target\":{\"@type\":\"EntryPoint\",\"urlTemplate\":\"http:\/\/andreumanteniment.com\/?s={search_term_string}\"},\"query-input\":{\"@type\":\"PropertyValueSpecification\",\"valueRequired\":true,\"valueName\":\"search_term_string\"}}],\"inLanguage\":\"fr-FR\"},{\"@type\":\"Organization\",\"@id\":\"http:\/\/andreumanteniment.com\/#organization\",\"name\":\"Andreu Manteniment Industrial\",\"url\":\"http:\/\/andreumanteniment.com\/\",\"logo\":{\"@type\":\"ImageObject\",\"inLanguage\":\"fr-FR\",\"@id\":\"http:\/\/andreumanteniment.com\/#\/schema\/logo\/image\/\",\"url\":\"https:\/\/andreumanteniment.com\/wp-content\/uploads\/2022\/02\/logo-aManteniment.svg\",\"contentUrl\":\"https:\/\/andreumanteniment.com\/wp-content\/uploads\/2022\/02\/logo-aManteniment.svg\",\"width\":\"1024\",\"height\":\"1024\",\"caption\":\"Andreu Manteniment Industrial\"},\"image\":{\"@id\":\"http:\/\/andreumanteniment.com\/#\/schema\/logo\/image\/\"},\"sameAs\":[\"https:\/\/www.facebook.com\/andreumanteniment\",\"https:\/\/www.linkedin.com\/company\/andreumanteniments\/about\/\",\"https:\/\/www.instagram.com\/andreumanteniment\/\"]}]}<\/script>\n<!-- \/ Yoast SEO plugin. -->","yoast_head_json":{"title":"Cl\u00e0usules | Andreu Manteniment Industrial","description":"Cl\u00e0usules de contacte i treballa amb nosaltres d'Andreu Manteniment Industrial.","robots":{"index":"index","follow":"follow","max-snippet":"max-snippet:-1","max-image-preview":"max-image-preview:large","max-video-preview":"max-video-preview:-1"},"canonical":"https:\/\/andreumanteniment.com\/fr\/clausules\/","og_locale":"fr_FR","og_type":"article","og_title":"Cl\u00e0usules | Andreu Manteniment Industrial","og_description":"Cl\u00e0usules de contacte i treballa amb nosaltres d'Andreu Manteniment Industrial.","og_url":"https:\/\/andreumanteniment.com\/fr\/clausules\/","og_site_name":"Andreu Manteniment","article_publisher":"https:\/\/www.facebook.com\/andreumanteniment","article_modified_time":"2022-07-01T09:13:27+00:00","twitter_card":"summary_large_image","twitter_misc":{"Dur\u00e9e de lecture estim\u00e9e":"2 minutes"},"schema":{"@context":"https:\/\/schema.org","@graph":[{"@type":"WebPage","@id":"https:\/\/andreumanteniment.com\/ca\/clausules\/","url":"https:\/\/andreumanteniment.com\/ca\/clausules\/","name":"Cl\u00e0usules | Andreu Manteniment Industrial","isPartOf":{"@id":"http:\/\/andreumanteniment.com\/#website"},"datePublished":"2022-06-13T13:09:21+00:00","dateModified":"2022-07-01T09:13:27+00:00","description":"Cl\u00e0usules de contacte i treballa amb nosaltres d'Andreu Manteniment Industrial.","breadcrumb":{"@id":"https:\/\/andreumanteniment.com\/ca\/clausules\/#breadcrumb"},"inLanguage":"fr-FR","potentialAction":[{"@type":"ReadAction","target":["https:\/\/andreumanteniment.com\/ca\/clausules\/"]}]},{"@type":"BreadcrumbList","@id":"https:\/\/andreumanteniment.com\/ca\/clausules\/#breadcrumb","itemListElement":[{"@type":"ListItem","position":1,"name":"Inici","item":"https:\/\/andreumanteniment.com\/"},{"@type":"ListItem","position":2,"name":"Cl\u00e0usules"}]},{"@type":"WebSite","@id":"http:\/\/andreumanteniment.com\/#website","url":"http:\/\/andreumanteniment.com\/","name":"Andr\u00e9 Entretien","description":"Andreu Mantenimient Industrial","publisher":{"@id":"http:\/\/andreumanteniment.com\/#organization"},"potentialAction":[{"@type":"SearchAction","target":{"@type":"EntryPoint","urlTemplate":"http:\/\/andreumanteniment.com\/?s={search_term_string}"},"query-input":{"@type":"PropertyValueSpecification","valueRequired":true,"valueName":"search_term_string"}}],"inLanguage":"fr-FR"},{"@type":"Organization","@id":"http:\/\/andreumanteniment.com\/#organization","name":"Andreu Mantenimient Industrial","url":"http:\/\/andreumanteniment.com\/","logo":{"@type":"ImageObject","inLanguage":"fr-FR","@id":"http:\/\/andreumanteniment.com\/#\/schema\/logo\/image\/","url":"https:\/\/andreumanteniment.com\/wp-content\/uploads\/2022\/02\/logo-aManteniment.svg","contentUrl":"https:\/\/andreumanteniment.com\/wp-content\/uploads\/2022\/02\/logo-aManteniment.svg","width":"1024","height":"1024","caption":"Andreu Manteniment Industrial"},"image":{"@id":"http:\/\/andreumanteniment.com\/#\/schema\/logo\/image\/"},"sameAs":["https:\/\/www.facebook.com\/andreumanteniment","https:\/\/www.linkedin.com\/company\/andreumanteniments\/about\/","https:\/\/www.instagram.com\/andreumanteniment\/"]}]}},"_links":{"self":[{"href":"https:\/\/andreumanteniment.com\/fr\/wp-json\/wp\/v2\/pages\/9262","targetHints":{"allow":["GET"]}}],"collection":[{"href":"https:\/\/andreumanteniment.com\/fr\/wp-json\/wp\/v2\/pages"}],"about":[{"href":"https:\/\/andreumanteniment.com\/fr\/wp-json\/wp\/v2\/types\/page"}],"author":[{"embeddable":true,"href":"https:\/\/andreumanteniment.com\/fr\/wp-json\/wp\/v2\/users\/1"}],"replies":[{"embeddable":true,"href":"https:\/\/andreumanteniment.com\/fr\/wp-json\/wp\/v2\/comments?post=9262"}],"version-history":[{"count":0,"href":"https:\/\/andreumanteniment.com\/fr\/wp-json\/wp\/v2\/pages\/9262\/revisions"}],"wp:attachment":[{"href":"https:\/\/andreumanteniment.com\/fr\/wp-json\/wp\/v2\/media?parent=9262"}],"curies":[{"name":"wp","href":"https:\/\/api.w.org\/{rel}","templated":true}]}}